{"id":583,"date":"2012-12-02T00:46:21","date_gmt":"2012-12-02T00:46:21","guid":{"rendered":"http:\/\/leltec.de\/?page_id=583"},"modified":"2026-02-28T07:10:51","modified_gmt":"2026-02-28T07:10:51","slug":"impressum","status":"publish","type":"page","link":"https:\/\/www.leltec.com\/?page_id=583","title":{"rendered":"Impressum"},"content":{"rendered":"<p>[et_pb_section fb_built=&#8220;1&#8243; admin_label=&#8220;section&#8220; _builder_version=&#8220;4.16&#8243; global_colors_info=&#8220;{}&#8220;][et_pb_row admin_label=&#8220;row&#8220; _builder_version=&#8220;4.16&#8243; background_size=&#8220;initial&#8220; background_position=&#8220;top_left&#8220; background_repeat=&#8220;repeat&#8220; custom_padding=&#8220;|12px||12px|false|false&#8220; border_radii=&#8220;on|6px|6px|6px|6px&#8220; box_shadow_style=&#8220;preset6&#8243; global_colors_info=&#8220;{}&#8220;][et_pb_column type=&#8220;4_4&#8243; _builder_version=&#8220;4.16&#8243; custom_padding=&#8220;|||&#8220; global_colors_info=&#8220;{}&#8220; custom_padding__hover=&#8220;|||&#8220;][et_pb_text admin_label=&#8220;Text&#8220; _builder_version=&#8220;4.16&#8243; background_size=&#8220;initial&#8220; background_position=&#8220;top_left&#8220; background_repeat=&#8220;repeat&#8220; global_colors_info=&#8220;{}&#8220;]<\/p>\n<p>KK LELTEC GmbH Aufzug &amp; F\u00f6rdertechnik<\/p>\n<p>vertreten durch den Gesch\u00e4ftsf\u00fchrer Kai Siegfried Hellweg<\/p>\n<p>Industriepark 4<\/p>\n<p>D &#8211; 47546 Kalkar, Kreis Kleve am Niederrhein<\/p>\n<p>Telefon: 02824 \u2013 962340\u00a0 Mo. bis Do. von 8:00Uhr &#8211; 16:00Uhr Fr.: 8:00 Uhr &#8211; 13:00Uhr<\/p>\n<p>Fax: +49 (0) 2824 \u2013 962409<\/p>\n<p>Email: service(at)leltec.de<\/p>\n<p>Web: www.leltec.de<\/p>\n<p>USt.-ID: DE 287442696 Handelsregister: Amtsgericht Kleve HRB:12008<\/p>\n<p>Inhaber: LELTEC GmbH Gesch\u00e4ftsf\u00fchrer: Kai Siegfried Hellweg<\/p>\n<p>Inhaltlich verantwortlich gem\u00e4\u00df \u00a7 6 MDStV: Kai Siegfried Hellweg<\/p>\n<p style=\"text-align: justify;\">Datenschutz: Wir sammeln ohne Ihre Zustimmung \u00fcber unsere Websites keinerlei personenbezogene Daten. Angaben, die uns per E-Mail zukommen, sind uns von Ihnen freiwillig mitgeteilt worden. In keinem Fall werden wir ohne Ihre ausdr\u00fcckliche Zustimmung Daten an Dritte weiter geben, weder zum Zweck der Werbung noch zu sonstigen wie auch immer gearteten Zwecken.<\/p>\n<p style=\"text-align: justify;\">Haftungshinweis: Trotz sorgf\u00e4ltiger inhaltlicher Kontrolle k\u00f6nnen wir verst\u00e4ndlicherweise keine Haftung f\u00fcr die Inhalte externer Links \u00fcbernehmen. F\u00fcr den Inhalt verlinkter Seiten sind ausschlie\u00dflich deren Betreiber selbst verantwortlich. Wir distanzieren uns hier ausdr\u00fccklich von den Inhalten verlinkter Seiten, da wir auf diese keinen Einfluss haben.<\/p>\n<p style=\"text-align: justify;\">Webdesign &amp; Programmierung: Leltec GmbH Mediengestaltung<\/p>\n<p style=\"text-align: justify;\">Hinweis in eigener Sache: Selbstverst\u00e4ndlich unterliegt die komplette Internetpr\u00e4senz von LELTEC.de inklusive aller Fotos, Grafiken und Texte dem Urheberrecht. Das Kopieren und Verwenden jeglicher Inhalte ohne ausdr\u00fcckliche Genehmigung durch LELTEC ist nicht gestattet. Eine Genehmigung k\u00f6nnen Sie sich aber ggf. gern \u00fcber unser Kontaktformular einholen.<\/p>\n<p style=\"text-align: justify;\">Cookies<\/p>\n<p>Unsere Internetseiten verwenden an mehreren Stellen so genannte Cookies. Cookies sind kleine Textdateien, die auf Ihrem Rechner abgelegt werden und die Ihr Browser speichert. Sie dienen dazu, unser Angebot nutzerfreundlicher, effektiver und sicherer zu machen. Des Weiteren erm\u00f6glichen Cookies unseren Systemen, Ihren Browser zu erkennen und Ihnen Services anzubieten. Cookies enthalten keine personenbezogenen Daten.<\/p>\n<p style=\"text-align: justify;\">Die Nutzung unserer Webseite ist in der Regel ohne Angabe personenbezogener Daten m\u00f6glich. Soweit auf unseren Seiten personenbezogene Daten (beispielsweise Name, Anschrift oder eMail-Adressen) erhoben werden, erfolgt dies, soweit m\u00f6glich, stets auf freiwilliger Basis. Diese Daten werden ohne Ihre ausdr\u00fcckliche Zustimmung nicht an Dritte weitergegeben.<\/p>\n<p style=\"text-align: justify;\">Gew\u00e4hrleistung: Wir bem\u00fchen uns, dieses Informationsangebot stetig zu erweitern und zu aktualisieren. Eine Garantie f\u00fcr die Vollst\u00e4ndigkeit, Richtigkeit und letzte Aktualit\u00e4t kann jedoch nicht \u00fcbernommen werden. Jegliche Haftung f\u00fcr Sch\u00e4den die durch die Benutzung dieser Website direkt oder indirekt entstehen schlie\u00dfen wir aus.<\/p>\n<p style=\"text-align: justify;\">&#8230;und noch ein Hinweis: LELTEC arbeitet \u00fcblicherweise auf der Grundlage von individuellen Vertr\u00e4gen. Dort wo sich jedoch au\u00dferhalb der Vertr\u00e4ge Regelungsbedarf ergibt, sowie f\u00fcr alle Gesch\u00e4ftsbeziehungen ohne einen Vertrag gelten unsere Allgemeinen Gesch\u00e4ftsbedingungen (AGB).<\/p>\n<p style=\"text-align: justify;\">Keine Abmahnung ohne Kontakt! Im Falle der Geltendmachung von Anspr\u00fcchen jeglicher Art aus Urheber-wettbewerbsrechtlichen sowie markenrechtlichen Angelegenheiten bitten wir, zur Vermeidung unn\u00f6tiger Rechtsstreitigkeiten, Abmahnungen und Kosten, uns umgehend zu kontaktieren. Falls Anspr\u00fcche der oben genannten Art reklamiert werden, sagen wir bereits hier vor einer endg\u00fcltigen rechtsverbindlichen Kl\u00e4rung Abhilfe zu, durch die eine eventuelle Wiederholungsgefahr verbindlich ausgeschlossen ist. Eine dennoch ergehende Kostennote einer anwaltlichen Abmahnung ohne vorhergehende Kontaktaufnahme w\u00fcrde sodann wegen Nichtbeachtung einer Schadensminderungspflicht zur\u00fcckgewiesen. Die in diesem Sinne unn\u00f6tigen bzw. unberechtigten Abmahnungen und Folgema\u00dfnahmen w\u00fcrden mit einer negativen Feststellungsklage beantwortet.<\/p>\n<p>[\/et_pb_text][\/et_pb_column][\/et_pb_row][\/et_pb_section]<\/p>\n","protected":false},"excerpt":{"rendered":"<p>KK LELTEC GmbH Aufzug &amp; F\u00f6rdertechnik vertreten durch den Gesch\u00e4ftsf\u00fchrer Kai Siegfried Hellweg Industriepark 4 D &#8211; 47546 Kalkar, Kreis Kleve am Niederrhein Telefon: 02824 \u2013 962340\u00a0 Mo. bis Do. von 8:00Uhr &#8211; 16:00Uhr Fr.: 8:00 Uhr &#8211; 13:00Uhr Fax: +49 (0) 2824 \u2013 962409 Email: service(at)leltec.de Web: www.leltec.de USt.-ID: DE 287442696 Handelsregister: Amtsgericht Kleve [&hellip;]<\/p>\n","protected":false},"author":2,"featured_media":0,"parent":0,"menu_order":0,"comment_status":"closed","ping_status":"closed","template":"","meta":{"_et_pb_use_builder":"on","_et_pb_old_content":"<p>\n\tLELTEC GmbH Aufzug &amp; F&ouml;rdertechnik<br \/>\n\tvertreten durch den Gesch&auml;ftsf&uuml;hrer Andr&eacute; Lensing\n<\/p>\n\n<p>\n\tKuhweg 15<br \/>\n\tD - 47546 Kalkar, Kreis Kleve am Niederrhein\n<\/p>\n\n<p>\n\tFon: 02824 &ndash; 962340; 02824 - 9991648&nbsp; Mo. bis Do. von 8:00Uhr - 16:00Uhr Fr.: 8:00 Uhr - 13:00Uhr<br \/>\n\tFax: +49 (0) 2824 &ndash; 9991649\n<\/p>\n\n<p>\n\tEmail: service(at)leltec.de<br \/>\n\tWeb: www.leltec.de\n<\/p>\n\n<p>\n\tUSt.-ID: DE 287442696 Handelsregister: Amtsgericht Kleve HRB:12008\n<\/p>\n\n<p>\n\tInhaber: LELTEC GmbH Gesch&auml;ftsf&uuml;hrer: Andr&eacute; Lensing\n<\/p>\n\n<p>\n\tInhaltlich verantwortlich gem&auml;&szlig; &sect; 6 MDStV: Andr&eacute; Lensing\n<\/p>\n\n<p style=\"text-align: justify;\">\n\tDatenschutz: Wir sammeln ohne Ihre Zustimmung &uuml;ber unsere Websites keinerlei personenbezogene Daten. Angaben, die uns per E-Mail zukommen, sind uns von Ihnen freiwillig mitgeteilt worden. In keinem Fall werden wir ohne Ihre ausdr&uuml;ckliche Zustimmung Daten an Dritte weiter geben, weder zum Zweck der Werbung noch zu sonstigen wie auch immer gearteten Zwecken.\n<\/p>\n\n<p style=\"text-align: justify;\">\n\tHaftungshinweis: Trotz sorgf&auml;ltiger inhaltlicher Kontrolle k&ouml;nnen wir verst&auml;ndlicherweise keine Haftung f&uuml;r die Inhalte externer Links &uuml;bernehmen. F&uuml;r den Inhalt verlinkter Seiten sind ausschlie&szlig;lich deren Betreiber selbst verantwortlich. Wir distanzieren uns hier ausdr&uuml;cklich von den Inhalten verlinkter Seiten, da wir auf diese keinen Einfluss haben.\n<\/p>\n\n<p style=\"text-align: justify;\">\n\tWebdesign &amp; Programmierung: Leltec GmbH Mediengestaltung\n<\/p>\n\n<p style=\"text-align: justify;\">\n\tHinweis in eigener Sache: Selbstverst&auml;ndlich unterliegt die komplette Internetpr&auml;senz von LELTEC.de inklusive aller Fotos, Grafiken und Texte dem Urheberrecht. Das Kopieren und Verwenden jeglicher Inhalte ohne ausdr&uuml;ckliche Genehmigung durch LELTEC ist nicht gestattet. Eine Genehmigung k&ouml;nnen Sie sich aber ggf. gern &uuml;ber unser Kontaktformular einholen.\n<\/p>\n\n<p style=\"text-align: justify;\">\n\tCookies<br \/>\n\tUnsere Internetseiten verwenden an mehreren Stellen so genannte Cookies. Cookies sind kleine Textdateien, die auf Ihrem Rechner abgelegt werden und die Ihr Browser speichert. Sie dienen dazu, unser Angebot nutzerfreundlicher, effektiver und sicherer zu machen. Des Weiteren erm&ouml;glichen Cookies unseren Systemen, Ihren Browser zu erkennen und Ihnen Services anzubieten. Cookies enthalten keine personenbezogenen Daten.\n<\/p>\n\n<p style=\"text-align: justify;\">\n\tDie Nutzung unserer Webseite ist in der Regel ohne Angabe personenbezogener Daten m&ouml;glich. Soweit auf unseren Seiten personenbezogene Daten (beispielsweise Name, Anschrift oder eMail-Adressen) erhoben werden, erfolgt dies, soweit m&ouml;glich, stets auf freiwilliger Basis. Diese Daten werden ohne Ihre ausdr&uuml;ckliche Zustimmung nicht an Dritte weitergegeben.\n<\/p>\n\n<p style=\"text-align: justify;\">\n\tGew&auml;hrleistung: Wir bem&uuml;hen uns, dieses Informationsangebot stetig zu erweitern und zu aktualisieren. Eine Garantie f&uuml;r die Vollst&auml;ndigkeit, Richtigkeit und letzte Aktualit&auml;t kann jedoch nicht &uuml;bernommen werden. Jegliche Haftung f&uuml;r Sch&auml;den die durch die Benutzung dieser Website direkt oder indirekt entstehen schlie&szlig;en wir aus.\n<\/p>\n\n<p style=\"text-align: justify;\">\n\t...und noch ein Hinweis: LELTEC arbeitet &uuml;blicherweise auf der Grundlage von individuellen Vertr&auml;gen. Dort wo sich jedoch au&szlig;erhalb der Vertr&auml;ge Regelungsbedarf ergibt, sowie f&uuml;r alle Gesch&auml;ftsbeziehungen ohne einen Vertrag gelten unsere Allgemeinen Gesch&auml;ftsbedingungen (AGB).\n<\/p>\n\n<p style=\"text-align: justify;\">\n\tKeine Abmahnung ohne Kontakt! Im Falle der Geltendmachung von Anspr&uuml;chen jeglicher Art aus Urheber-wettbewerbsrechtlichen sowie markenrechtlichen Angelegenheiten bitten wir, zur Vermeidung unn&ouml;tiger Rechtsstreitigkeiten, Abmahnungen und Kosten, uns umgehend zu kontaktieren. Falls Anspr&uuml;che der oben genannten Art reklamiert werden, sagen wir bereits hier vor einer endg&uuml;ltigen rechtsverbindlichen Kl&auml;rung Abhilfe zu, durch die eine eventuelle Wiederholungsgefahr verbindlich ausgeschlossen ist. Eine dennoch ergehende Kostennote einer anwaltlichen Abmahnung ohne vorhergehende Kontaktaufnahme w&uuml;rde sodann wegen Nichtbeachtung einer Schadensminderungspflicht zur&uuml;ckgewiesen. Die in diesem Sinne unn&ouml;tigen bzw. unberechtigten Abmahnungen und Folgema&szlig;nahmen w&uuml;rden mit einer negativen Feststellungsklage beantwortet.\n<\/p>\n","_et_gb_content_width":"","_uag_custom_page_level_css":"","footnotes":""},"class_list":["post-583","page","type-page","status-publish","hentry"],"uagb_featured_image_src":{"full":false,"thumbnail":false,"medium":false,"medium_large":false,"large":false,"1536x1536":false,"2048x2048":false,"et-pb-post-main-image":false,"et-pb-post-main-image-fullwidth":false,"et-pb-portfolio-image":false,"et-pb-portfolio-module-image":false,"et-pb-portfolio-image-single":false,"et-pb-gallery-module-image-portrait":false,"et-pb-post-main-image-fullwidth-large":false,"et-pb-image--responsive--desktop":false,"et-pb-image--responsive--tablet":false,"et-pb-image--responsive--phone":false},"uagb_author_info":{"display_name":"admin","author_link":"https:\/\/www.leltec.com\/?author=2"},"uagb_comment_info":0,"uagb_excerpt":"KK LELTEC GmbH Aufzug &amp; F\u00f6rdertechnik vertreten durch den Gesch\u00e4ftsf\u00fchrer Kai Siegfried Hellweg Industriepark 4 D - 47546 Kalkar, Kreis Kleve am Niederrhein Telefon: 02824 \u2013 962340\u00a0 Mo. bis Do. von 8:00Uhr - 16:00Uhr Fr.: 8:00 Uhr - 13:00Uhr Fax: +49 (0) 2824 \u2013 962409 Email: service(at)leltec.de Web: www.leltec.de USt.-ID: DE 287442696 Handelsregister: Amtsgericht Kleve&hellip;","_links":{"self":[{"href":"https:\/\/www.leltec.com\/index.php?rest_route=\/wp\/v2\/pages\/583","targetHints":{"allow":["GET"]}}],"collection":[{"href":"https:\/\/www.leltec.com\/index.php?rest_route=\/wp\/v2\/pages"}],"about":[{"href":"https:\/\/www.leltec.com\/index.php?rest_route=\/wp\/v2\/types\/page"}],"author":[{"embeddable":true,"href":"https:\/\/www.leltec.com\/index.php?rest_route=\/wp\/v2\/users\/2"}],"replies":[{"embeddable":true,"href":"https:\/\/www.leltec.com\/index.php?rest_route=%2Fwp%2Fv2%2Fcomments&post=583"}],"version-history":[{"count":6,"href":"https:\/\/www.leltec.com\/index.php?rest_route=\/wp\/v2\/pages\/583\/revisions"}],"predecessor-version":[{"id":25474,"href":"https:\/\/www.leltec.com\/index.php?rest_route=\/wp\/v2\/pages\/583\/revisions\/25474"}],"wp:attachment":[{"href":"https:\/\/www.leltec.com\/index.php?rest_route=%2Fwp%2Fv2%2Fmedia&parent=583"}],"curies":[{"name":"wp","href":"https:\/\/api.w.org\/{rel}","templated":true}]}}