{"id":680,"date":"2012-12-07T22:21:45","date_gmt":"2012-12-07T22:21:45","guid":{"rendered":"http:\/\/leltec.de\/?page_id=680"},"modified":"2020-09-23T06:55:15","modified_gmt":"2020-09-23T06:55:15","slug":"aufzug-fernnotruf","status":"publish","type":"page","link":"https:\/\/www.leltec.com\/?page_id=680","title":{"rendered":"Aufzug-Fernnotruf"},"content":{"rendered":"<p>[et_pb_section fb_built=&#8220;1&#8243; admin_label=&#8220;section&#8220; _builder_version=&#8220;3.22&#8243;][et_pb_row admin_label=&#8220;row&#8220; _builder_version=&#8220;3.26.7&#8243; background_size=&#8220;initial&#8220; background_position=&#8220;top_left&#8220; background_repeat=&#8220;repeat&#8220; custom_padding=&#8220;|12px||12px|false|false&#8220; border_radii=&#8220;on|6px|6px|6px|6px&#8220; border_width_all=&#8220;2px&#8220; border_color_all=&#8220;#4b6b94&#8243; box_shadow_style=&#8220;preset6&#8243;][et_pb_column type=&#8220;4_4&#8243; _builder_version=&#8220;3.25&#8243; custom_padding=&#8220;|||&#8220; custom_padding__hover=&#8220;|||&#8220;][et_pb_text admin_label=&#8220;Text&#8220; _builder_version=&#8220;3.27.4&#8243; background_size=&#8220;initial&#8220; background_position=&#8220;top_left&#8220; background_repeat=&#8220;repeat&#8220;]<\/p>\n<div class=\"jsn-article-content\">\n<table style=\"width: 100%;\" border=\"0\">\n<tbody>\n<tr>\n<td><div id=\"attachment_24817\" style=\"width: 110px\" class=\"wp-caption alignnone\"><img loading=\"lazy\" decoding=\"async\" aria-describedby=\"caption-attachment-24817\" class=\"wp-image-24817 size-full\" src=\"https:\/\/leltec.de\/wp-content\/uploads\/2019\/07\/meisterlogo-1.jpg\" alt=\"Meister im Elektrotechnikerhandwerk\" width=\"100\" height=\"149\" \/><p id=\"caption-attachment-24817\" class=\"wp-caption-text\">Meisterlogo<\/p><\/div><\/td>\n<td width=\"1290\">\n<p><span style=\"color: #4b6b94;\"><strong>Fernnotruf f\u00fcr Aufzuganlagen<br \/><\/strong><\/span><\/p>\n<p><span style=\"color: #4b6b94;\"><strong>Aufzugnotruftelefone f\u00fcr den Aufzugneubau und die Aufzugmodernisierung nach g\u00fcltigen Normen<\/strong><strong>. Sie werden als Sprechstellen in der Aufzugskabine installiert und direkt an das normale Telefonnetz (analog\/digital\/GSM) angeschlossen. <\/strong><\/span><\/p>\n<\/td>\n<\/tr>\n<\/tbody>\n<\/table>\n<p><span style=\"color: #4b6b94;\">Die europ\u00e4ischen Normen fordern Notrufeinrichtungen (Notruftelefone) f\u00fcr Aufz\u00fcge im Bereich Neubau und der Modernisierung von bestehenden Aufzugsanlagen (&#8222;Betriebssicherheitsverordnung&#8220;). Die neue Generation von Notruftelefonen mit verkleinerten Abmessungen erm\u00f6glicht eine einfachere Anpassung an den Aufzug. Ob Festnetz oder in GSM (SIM Karte).<\/span><\/p>\n<p><span style=\"color: #4b6b94;\">Normenreihe als Link: <a href=\"https:\/\/www.dgwz.de\/normen\/din-en-81-normenreihe-fuer-aufzuege\"><span style=\"color: #092e96;\">https:\/\/www.dgwz.de<\/span><\/a><\/span><\/p>\n<p><span style=\"color: #4b6b94;\"><strong>Funktionsweise:<\/strong><\/span><br \/><span style=\"color: #4b6b94;\">Bei einem Notruf baut das &#8222;Telefon&#8220; automatisch eine Verbindung zur Notrufzentrale\/Leitstand auf. Die Notrufzentrale leitet Ma\u00dfnahmen zur Personenbefreiung ein, wie die Benachrichtigung von einem zertifizierten Befreiungservice\/Wachschutz, eingewiesenen <\/span><span style=\"color: #4b6b94;\">Aufzugw\u00e4rtern etc.<\/span><\/p>\n<p><span style=\"color: #4b6b94;\">Die komplette Installation des Fernnotruf (GSM) f\u00fcr einmalig 1295,00\u20ac zzgl. der MwSt. Um die Funktion zu gew\u00e4hrleisten ist hier ein Fernnotrufvertrag\/Leitstandanbindung n\u00f6tig.<br \/><\/span><\/p>\n<p><span style=\"color: #4b6b94;\">Sie erwerben eine Notrufanlage mit der kompletten Montage f\u00fcr eine Aufzuganlage. F\u00fcr eine Gruppenaufschaltung fragen Sie bitte an. Der Vorteil hierbei: Es liegt keine Monopol-Stellung vor, alle Komponenten sind auf dem freien Markt erh\u00e4ltlich und sind Zukunftssicher.\u00a0<strong> <a href=\"http:\/\/www.leltec.de\/download\/Aufzugfernnotruf.pdf\" target=\"_blank\" rel=\"noopener noreferrer\">Anforderungen an den Fernnotruf.pdf<\/a><\/strong><\/span><\/p>\n<\/div>\n<p>[\/et_pb_text][\/et_pb_column][\/et_pb_row][\/et_pb_section]<\/p>\n","protected":false},"excerpt":{"rendered":"<p>Fernnotruf f\u00fcr Aufzuganlagen Aufzugnotruftelefone f\u00fcr den Aufzugneubau und die Aufzugmodernisierung nach g\u00fcltigen Normen. Sie werden als Sprechstellen in der Aufzugskabine installiert und direkt an das normale Telefonnetz (analog\/digital\/GSM) angeschlossen. Die europ\u00e4ischen Normen fordern Notrufeinrichtungen (Notruftelefone) f\u00fcr Aufz\u00fcge im Bereich Neubau und der Modernisierung von bestehenden Aufzugsanlagen (&#8222;Betriebssicherheitsverordnung&#8220;). Die neue Generation von Notruftelefonen mit verkleinerten Abmessungen [&hellip;]<\/p>\n","protected":false},"author":2,"featured_media":0,"parent":0,"menu_order":0,"comment_status":"closed","ping_status":"closed","template":"","meta":{"_et_pb_use_builder":"on","_et_pb_old_content":"<div class=\"jsn-article-content\">\n<table style=\"width: 100%;\" border=\"0\">\n<tbody>\n<tr>\n<td>\n\n[caption id=\"attachment_24817\" align=\"alignnone\" width=\"100\"]<img class=\"wp-image-24817 size-full\" src=\"https:\/\/zipcity.de\/wordpress\/wp-content\/uploads\/2019\/07\/meisterlogo-1.jpg\" alt=\"Meister im Elektrotechnikerhandwerk\" width=\"100\" height=\"149\" \/> Meisterlogo[\/caption]<\/td>\n<td width=\"1290\"><span style=\"color: #4b6b94;\"><strong>erfahren Sie mehr \u00fcber den Aufzugfernnotruf:<\/strong><\/span>\n\n<span style=\"color: #4b6b94;\"><strong>Aufzugnotruftelefone f\u00fcr den Aufzugneubau und die Aufzugmodernisierung nach g\u00fcltigen Normen<\/strong><strong>. Sie werden als Sprechstellen in der Aufzugskabine installiert und direkt an das normale Telefonnetz angeschlossen. <\/strong><\/span><\/td>\n<\/tr>\n<\/tbody>\n<\/table>\n<span style=\"color: #4b6b94;\">Die europ\u00e4ischen Normen fordern Notrufeinrichtungen (Notruftelefone) f\u00fcr Aufz\u00fcge im Bereich Neubau ung der Modernisierung von bestehenden Aufzugsanlagen (\"Betriebssicherheitsverordnung\"). Die neue Generation von Notruftelefonen mit verkleinerten Abmessungen erm\u00f6glicht eine einfachere Anpassung an den Aufzug. Ob Festnetz oder in GSM (SIM Karte).<\/span>\n\n<span style=\"color: #4b6b94;\"><strong>Funktionsweise:<\/strong><\/span>\n<span style=\"color: #4b6b94;\">Bei einem Notruf baut das \"Telefon\" automatisch eine Verbindung zur <strong>Notrufzentrale\/Leitstand<\/strong> auf. Die Notrufzentrale leitet Ma\u00dfnahmen zur Personenbefreiung ein, wie die Benachrichtigung von einer zertifizierten Notrufzentrale ,<\/span><span style=\"color: #4b6b94;\">Aufzugw\u00e4rtern etc.<\/span>\n\n<span style=\"color: #4b6b94;\">Die komplette Installation des Fernnotruf (GSM) f\u00fcr einmalig 1295,00\u20ac zzgl. der gesetzlichen Umsatzsteuer von 19%, Sie erwerben eine Notrufanlage mit der kompletten Montage f\u00fcr eine Aufzuganlage. F\u00fcr eine Gruppenaufschaltung fragen Sie bitte an. Der Vorteil hierbei: Es liegt keine Monopol-Stellung vor, alle Komponenten sind auf dem freien Markt erh\u00e4ltlich und sind Zukunftssicher.\u00a0 <a href=\"http:\/\/www.leltec.de\/download\/Aufzugfernnotruf.pdf\" target=\"_blank\" rel=\"noopener noreferrer\">Anforderungen an den Fernnotruf.pdf<\/a><\/span>\n\n<span style=\"color: #4b6b94;\">Ab Mitte 2020 muss jeder Aufzug \u00fcber einen Fernnotruf verf\u00fcgen. Dieses kann auch Hausintern z.b. \u00fcber eine st\u00e4ndig besetzte Pf\u00f6rtnerloge erfolgen die die Anforderungen eines Leitstandes erf\u00fcllt.<\/span>\n\n<\/div>","_et_gb_content_width":"","_uag_custom_page_level_css":"","footnotes":""},"class_list":["post-680","page","type-page","status-publish","hentry"],"uagb_featured_image_src":{"full":false,"thumbnail":false,"medium":false,"medium_large":false,"large":false,"1536x1536":false,"2048x2048":false,"et-pb-post-main-image":false,"et-pb-post-main-image-fullwidth":false,"et-pb-portfolio-image":false,"et-pb-portfolio-module-image":false,"et-pb-portfolio-image-single":false,"et-pb-gallery-module-image-portrait":false,"et-pb-post-main-image-fullwidth-large":false,"et-pb-image--responsive--desktop":false,"et-pb-image--responsive--tablet":false,"et-pb-image--responsive--phone":false},"uagb_author_info":{"display_name":"admin","author_link":"https:\/\/www.leltec.com\/?author=2"},"uagb_comment_info":0,"uagb_excerpt":"Fernnotruf f\u00fcr Aufzuganlagen Aufzugnotruftelefone f\u00fcr den Aufzugneubau und die Aufzugmodernisierung nach g\u00fcltigen Normen. Sie werden als Sprechstellen in der Aufzugskabine installiert und direkt an das normale Telefonnetz (analog\/digital\/GSM) angeschlossen. Die europ\u00e4ischen Normen fordern Notrufeinrichtungen (Notruftelefone) f\u00fcr Aufz\u00fcge im Bereich Neubau und der Modernisierung von bestehenden Aufzugsanlagen (\"Betriebssicherheitsverordnung\"). Die neue Generation von Notruftelefonen mit verkleinerten Abmessungen&hellip;","_links":{"self":[{"href":"https:\/\/www.leltec.com\/index.php?rest_route=\/wp\/v2\/pages\/680","targetHints":{"allow":["GET"]}}],"collection":[{"href":"https:\/\/www.leltec.com\/index.php?rest_route=\/wp\/v2\/pages"}],"about":[{"href":"https:\/\/www.leltec.com\/index.php?rest_route=\/wp\/v2\/types\/page"}],"author":[{"embeddable":true,"href":"https:\/\/www.leltec.com\/index.php?rest_route=\/wp\/v2\/users\/2"}],"replies":[{"embeddable":true,"href":"https:\/\/www.leltec.com\/index.php?rest_route=%2Fwp%2Fv2%2Fcomments&post=680"}],"version-history":[{"count":17,"href":"https:\/\/www.leltec.com\/index.php?rest_route=\/wp\/v2\/pages\/680\/revisions"}],"predecessor-version":[{"id":25394,"href":"https:\/\/www.leltec.com\/index.php?rest_route=\/wp\/v2\/pages\/680\/revisions\/25394"}],"wp:attachment":[{"href":"https:\/\/www.leltec.com\/index.php?rest_route=%2Fwp%2Fv2%2Fmedia&parent=680"}],"curies":[{"name":"wp","href":"https:\/\/api.w.org\/{rel}","templated":true}]}}