{"id":685,"date":"2012-12-07T22:22:10","date_gmt":"2012-12-07T22:22:10","guid":{"rendered":"http:\/\/leltec.de\/?page_id=685"},"modified":"2019-08-11T11:13:50","modified_gmt":"2019-08-11T11:13:50","slug":"kleinguter-aufzuge","status":"publish","type":"page","link":"https:\/\/www.leltec.com\/?page_id=685","title":{"rendered":"Kleing\u00fcter &#8211; Aufz\u00fcge"},"content":{"rendered":"<p>[et_pb_section fb_built=&#8220;1&#8243; admin_label=&#8220;section&#8220; _builder_version=&#8220;3.22&#8243;][et_pb_row admin_label=&#8220;row&#8220; _builder_version=&#8220;3.26.7&#8243; background_size=&#8220;initial&#8220; background_position=&#8220;top_left&#8220; background_repeat=&#8220;repeat&#8220; border_radii=&#8220;on|6px|6px|6px|6px&#8220; box_shadow_style=&#8220;preset6&#8243; custom_padding=&#8220;|14px||14px|false|false&#8220;][et_pb_column type=&#8220;4_4&#8243; _builder_version=&#8220;3.25&#8243; custom_padding=&#8220;|||&#8220; custom_padding__hover=&#8220;|||&#8220;][et_pb_text admin_label=&#8220;Text&#8220; _builder_version=&#8220;3.0.74&#8243; background_size=&#8220;initial&#8220; background_position=&#8220;top_left&#8220; background_repeat=&#8220;repeat&#8220;]<\/p>\n<p>Hallo und einen guten Tag,<\/p>\n<p>Sie ben\u00f6tigen Kleing\u00fcteraufz\u00fcge, gerne erstellen wir f\u00fcr Sie ein kostenloses Angebot.<\/p>\n<p style=\"text-align: center;\"><img loading=\"lazy\" decoding=\"async\" alt=\"\" src=\"wp-content\/uploads\/images\/kleingueteraufzug.jpg\" width=\"695\" height=\"230\" \/><\/p>\n<hr \/>\n<p>Die folgende \u00dcbersicht gibt Ihnen einige Informationen \u00fcber die wesentlichen Eigenschaften bzgl. der Grundausstattung von Kleing\u00fcteraufz\u00fcgen. Da wir in Zusammenarbeit mit unserem Partner \u00fcber 160 Optionen der Sonderausstattung bieten, nehmen Sie f\u00fcr detaillierte Informationen bitte Kontakt mit uns auf.<\/p>\n<p> \u00a0<\/p>\n<dl class=\"separator\">\n<dt>Ger\u00fcst<\/dt>\n<dd>Selbsttragendes Stahlger\u00fcst aus geh\u00e4rteten Spezialprofilen, komplett verzinkt, vormontiert in 2-m &#8211; Segmenten inkl. Kabelkanal.<\/dd>\n<dt>Fahrkorb<\/dt>\n<dd>In verzinkter Abkantbauweise hergestellt, beidseitig gef\u00fchrt, mit verstellbaren F\u00fchrungsschuhen. Bei Br\u00fcstungsaufz\u00fcgen mit einem herausnehmbaren Zwischenboden. Fahrkorbma\u00dfe in 25 mm Raster lieferbar.<\/dd>\n<dt>T\u00fcren<\/dt>\n<dd>Je nach Aufzugstyp als vertikale Schiebet\u00fcr oder einfl\u00fcgelige Dreht\u00fcr entsprechend DIN 18092 bzw. 18090, in verzinkter Ausf\u00fchrung mit gepr\u00fcften T\u00fcrverschl\u00fcssen, Schiebet\u00fcren mit Aluminium-Sicherheits-Seilrollen und 3 mm Drahtseilen (hochflexibel). Alle T\u00fcren mit kompletten Zargen, einbaufertig.<\/dd>\n<dt>Gegengewicht<\/dt>\n<dd>Mit Umfassungsrahmen und 50 \u00d7 50 mm Stahlbl\u00f6cken. Verstellbar durch 4 justierbare F\u00fchrungsschuhe mit Polyamideinlagen.<\/dd>\n<dt>Triebwerksraumt\u00fcr<\/dt>\n<dd>Als einfl\u00fcgelige Dreht\u00fcr mit Vorreiberschloss, ebenfalls in verzinkter Ausf\u00fchrung.<\/dd>\n<dt>Triebwerk<\/dt>\n<dd>50 &#8211; 100 kg Tragkraft, mit Treibscheibe f\u00fcr 2 Seile (Keilrille geh\u00e4rtet).200 &#8211; 300 kg Tragkraft, mit 2 Rollenketten. Triebwerk mit Handrad und Scheibenbremse, Schutzart IP 54, Drehstrom 400 Volt, 50 Hz<\/dd>\n<dt>Steuerung<\/dt>\n<dd>&#8211; Mini-Prozessorsteuerung &#8211; Hohe Sicherheit durch 24 Volt Technik am Steuerteil, vorinstalliert und steckbar &#8211; Hol- und Sendesteuerung an jeder Schachtt\u00fcr &#8211; Befristete Weiterfahrsperre &#8211; Akustisches Einfahrsignal &#8211; Standortanzeige an jeder Ladestelle \u00fcber LED &#8211; Anzeige &#8211; Triebwerksraumbeleuchtung mit Schalter und Steckdose<\/dd>\n<\/dl>\n<p>&nbsp;<\/p>\n<p>&nbsp;<\/p>\n<p>[\/et_pb_text][\/et_pb_column][\/et_pb_row][\/et_pb_section]<\/p>\n","protected":false},"excerpt":{"rendered":"<p>Hallo und einen guten Tag, Sie ben\u00f6tigen Kleing\u00fcteraufz\u00fcge, gerne erstellen wir f\u00fcr Sie ein kostenloses Angebot. Die folgende \u00dcbersicht gibt Ihnen einige Informationen \u00fcber die wesentlichen Eigenschaften bzgl. der Grundausstattung von Kleing\u00fcteraufz\u00fcgen. Da wir in Zusammenarbeit mit unserem Partner \u00fcber 160 Optionen der Sonderausstattung bieten, nehmen Sie f\u00fcr detaillierte Informationen bitte Kontakt mit uns auf. [&hellip;]<\/p>\n","protected":false},"author":2,"featured_media":0,"parent":0,"menu_order":0,"comment_status":"closed","ping_status":"closed","template":"","meta":{"_et_pb_use_builder":"on","_et_pb_old_content":"<p>\n\tHallo und einen guten Tag,\n<\/p>\n\n<p>\n\tSie ben&ouml;tigen Kleing&uuml;teraufz&uuml;ge, gerne erstellen wir f&uuml;r Sie ein kostenloses Angebot.\n<\/p>\n\n<p style=\"text-align: center;\">\n\t<img alt=\"\" height=\"230\" src=\"wp-content\/uploads\/images\/kleingueteraufzug.jpg\" width=\"695\" \/>\n<\/p>\n\n<hr \/>\n<p>\n\tDie folgende &Uuml;bersicht gibt Ihnen einige Informationen &uuml;ber die wesentlichen Eigenschaften bzgl. der Grundausstattung von Kleing&uuml;teraufz&uuml;gen. Da wir in Zusammenarbeit mit unserem Partner &uuml;ber 160 Optionen der Sonderausstattung bieten, nehmen Sie f&uuml;r detaillierte Informationen bitte Kontakt mit uns auf.<br \/>\n\t&nbsp;\n<\/p>\n\n<dl class=\"separator\">\n\t<dt>\n\t\tGer&uuml;st\n\t<\/dt>\n\t<dd>\n\t\tSelbsttragendes Stahlger&uuml;st aus geh&auml;rteten Spezialprofilen, komplett verzinkt, vormontiert in 2-m - Segmenten inkl. Kabelkanal.\n\t<\/dd>\n\t<dt>\n\t\tFahrkorb\n\t<\/dt>\n\t<dd>\n\t\tIn verzinkter Abkantbauweise hergestellt, beidseitig gef&uuml;hrt, mit verstellbaren F&uuml;hrungsschuhen. Bei Br&uuml;stungsaufz&uuml;gen mit einem herausnehmbaren Zwischenboden. Fahrkorbma&szlig;e in 25 mm Raster lieferbar.\n\t<\/dd>\n\t<dt>\n\t\tT&uuml;ren\n\t<\/dt>\n\t<dd>\n\t\tJe nach Aufzugstyp als vertikale Schiebet&uuml;r oder einfl&uuml;gelige Dreht&uuml;r entsprechend DIN 18092 bzw. 18090, in verzinkter Ausf&uuml;hrung mit gepr&uuml;ften T&uuml;rverschl&uuml;ssen, Schiebet&uuml;ren mit Aluminium-Sicherheits-Seilrollen und 3 mm Drahtseilen (hochflexibel). Alle T&uuml;ren mit kompletten Zargen, einbaufertig.\n\t<\/dd>\n\t<dt>\n\t\tGegengewicht\n\t<\/dt>\n\t<dd>\n\t\tMit Umfassungsrahmen und 50 &times; 50 mm Stahlbl&ouml;cken. Verstellbar durch 4 justierbare F&uuml;hrungsschuhe mit Polyamideinlagen.\n\t<\/dd>\n\t<dt>\n\t\tTriebwerksraumt&uuml;r\n\t<\/dt>\n\t<dd>\n\t\tAls einfl&uuml;gelige Dreht&uuml;r mit Vorreiberschloss, ebenfalls in verzinkter Ausf&uuml;hrung.\n\t<\/dd>\n\t<dt>\n\t\tTriebwerk\n\t<\/dt>\n\t<dd>\n\t\t50 - 100 kg Tragkraft, mit Treibscheibe f&uuml;r 2 Seile (Keilrille geh&auml;rtet).200 - 300 kg Tragkraft, mit 2 Rollenketten. Triebwerk mit Handrad und Scheibenbremse, Schutzart IP 54, Drehstrom 400 Volt, 50 Hz\n\t<\/dd>\n\t<dt>\n\t\tSteuerung\n\t<\/dt>\n\t<dd>\n\t\t- Mini-Prozessorsteuerung - Hohe Sicherheit durch 24 Volt Technik am Steuerteil, vorinstalliert und steckbar - Hol- und Sendesteuerung an jeder Schachtt&uuml;r - Befristete Weiterfahrsperre - Akustisches Einfahrsignal - Standortanzeige an jeder Ladestelle &uuml;ber LED - Anzeige - Triebwerksraumbeleuchtung mit Schalter und Steckdose\n\t<\/dd>\n<\/dl>\n\n<p>\n\t&nbsp;\n<\/p>\n\n<p>\n\t<img alt=\"\" src=\"wp-content\/uploads\/bilder\/Kleing\u00fcteraufzuege.png\" style=\"width: 677px; height: 432px;\" \/>\n<\/p>\n","_et_gb_content_width":"","_uag_custom_page_level_css":"","footnotes":""},"class_list":["post-685","page","type-page","status-publish","hentry"],"uagb_featured_image_src":{"full":false,"thumbnail":false,"medium":false,"medium_large":false,"large":false,"1536x1536":false,"2048x2048":false,"et-pb-post-main-image":false,"et-pb-post-main-image-fullwidth":false,"et-pb-portfolio-image":false,"et-pb-portfolio-module-image":false,"et-pb-portfolio-image-single":false,"et-pb-gallery-module-image-portrait":false,"et-pb-post-main-image-fullwidth-large":false,"et-pb-image--responsive--desktop":false,"et-pb-image--responsive--tablet":false,"et-pb-image--responsive--phone":false},"uagb_author_info":{"display_name":"admin","author_link":"https:\/\/www.leltec.com\/?author=2"},"uagb_comment_info":0,"uagb_excerpt":"Hallo und einen guten Tag, Sie ben\u00f6tigen Kleing\u00fcteraufz\u00fcge, gerne erstellen wir f\u00fcr Sie ein kostenloses Angebot. Die folgende \u00dcbersicht gibt Ihnen einige Informationen \u00fcber die wesentlichen Eigenschaften bzgl. der Grundausstattung von Kleing\u00fcteraufz\u00fcgen. Da wir in Zusammenarbeit mit unserem Partner \u00fcber 160 Optionen der Sonderausstattung bieten, nehmen Sie f\u00fcr detaillierte Informationen bitte Kontakt mit uns auf.&hellip;","_links":{"self":[{"href":"https:\/\/www.leltec.com\/index.php?rest_route=\/wp\/v2\/pages\/685","targetHints":{"allow":["GET"]}}],"collection":[{"href":"https:\/\/www.leltec.com\/index.php?rest_route=\/wp\/v2\/pages"}],"about":[{"href":"https:\/\/www.leltec.com\/index.php?rest_route=\/wp\/v2\/types\/page"}],"author":[{"embeddable":true,"href":"https:\/\/www.leltec.com\/index.php?rest_route=\/wp\/v2\/users\/2"}],"replies":[{"embeddable":true,"href":"https:\/\/www.leltec.com\/index.php?rest_route=%2Fwp%2Fv2%2Fcomments&post=685"}],"version-history":[{"count":3,"href":"https:\/\/www.leltec.com\/index.php?rest_route=\/wp\/v2\/pages\/685\/revisions"}],"predecessor-version":[{"id":25155,"href":"https:\/\/www.leltec.com\/index.php?rest_route=\/wp\/v2\/pages\/685\/revisions\/25155"}],"wp:attachment":[{"href":"https:\/\/www.leltec.com\/index.php?rest_route=%2Fwp%2Fv2%2Fmedia&parent=685"}],"curies":[{"name":"wp","href":"https:\/\/api.w.org\/{rel}","templated":true}]}}