{"id":695,"date":"2012-12-07T23:08:41","date_gmt":"2012-12-07T23:08:41","guid":{"rendered":"http:\/\/leltec.de\/?page_id=695"},"modified":"2020-09-14T11:55:19","modified_gmt":"2020-09-14T11:55:19","slug":"leistungsprogramm","status":"publish","type":"page","link":"https:\/\/www.leltec.com\/?page_id=695","title":{"rendered":"Leistungsprogramm"},"content":{"rendered":"<p>[et_pb_section fb_built=&#8220;1&#8243; admin_label=&#8220;section&#8220; _builder_version=&#8220;3.22&#8243;][et_pb_row admin_label=&#8220;row&#8220; _builder_version=&#8220;3.26.7&#8243; background_size=&#8220;initial&#8220; background_position=&#8220;top_left&#8220; background_repeat=&#8220;repeat&#8220; custom_padding=&#8220;|14px||14px|false|false&#8220; border_radii=&#8220;on|6px|6px|6px|6px&#8220; box_shadow_style=&#8220;preset6&#8243;][et_pb_column type=&#8220;4_4&#8243; _builder_version=&#8220;3.25&#8243; custom_padding=&#8220;|||&#8220; custom_padding__hover=&#8220;|||&#8220;][et_pb_text admin_label=&#8220;Text&#8220; _builder_version=&#8220;3.27.4&#8243; background_size=&#8220;initial&#8220; background_position=&#8220;top_left&#8220; background_repeat=&#8220;repeat&#8220;]<\/p>\n<div class=\"jsn-article-content\">\n<p><span style=\"color: #4b6b94; font-size: 12pt;\"><strong>Einen guten Tag w\u00fcnschen wir Ihnen!<\/strong><\/span><\/p>\n<p><span style=\"color: #4b6b94;\">Wir m\u00f6chten Ihnen an dieser Stelle einen \u00dcberblick \u00fcber unsere Leistungen anzeigen:<strong>\u00a0<\/strong><\/span><\/p>\n<p><span style=\"color: #4b6b94;\"><strong><\/strong><\/span><\/p>\n<ul>\n<li><span style=\"color: #4b6b94;\">Die Wartung, St\u00f6rungsbehebung und Reparatur bestehender Aufzugsanlagen. <\/span><\/li>\n<li><span style=\"color: #4b6b94;\">Modernisierung von Aufzuganlagen <\/span><\/li>\n<li><span style=\"color: #4b6b94;\">Anpassung von Aufzugsanlagen an den heutigen Stand der Technik. <\/span><\/li>\n<li><span style=\"color: #4b6b94;\">Fernnotrufdienst; Leitstandanbindung. <\/span><\/li>\n<li><span style=\"color: #4b6b94;\">Gef\u00e4hrdungsanalyse von bestehenden Anlagen. <\/span><\/li>\n<li><span style=\"color: #4b6b94;\">Zuverl\u00e4ssiger, schneller St\u00f6rungs- und Notdienst. <\/span><\/li>\n<li><span style=\"color: #4b6b94;\">Einen Notdienst, der an 365 Tagen 24 Stunden im Jahr zur Verf\u00fcgung steht. <\/span><\/li>\n<li><span style=\"color: #4b6b94;\">Pr\u00fcfungen nach DUGV V3<\/span><\/li>\n<li><span style=\"color: #4b6b94;\">Pr\u00fcfungen Ihrer Elektroinstallation und Betriebsmittel nach geltenden Vorschriften. <\/span><\/li>\n<li><span style=\"color: #4b6b94;\">Beratung und Umsetzung von Energieeinsparma\u00dfnahmen.<\/span><\/li>\n<li><span style=\"color: #4b6b94;\">Begleitung und Unterst\u00fctzung der Sachverst\u00e4ndigen bei erforderlichen Pr\u00fcfungen und Abnahmen.<\/span><\/li>\n<\/ul>\n<p>&nbsp;<\/p>\n<p><span style=\"color: #4b6b94;\">Wir bieten unseren Kunden zukunftsorientierte L\u00f6sungen f\u00fcr ihre individuellen Bed\u00fcrfnisse, die auf unserer langj\u00e4hrigen Erfahrung in der Aufzugstechnik aufbauen. Insbesondere im Falle der Wartung wird die Sicherheit und optimale Funktionalit\u00e4t der betreuten Anlagen gew\u00e4hrleistet.<\/span><\/p>\n<p>\u00dcberzeugen Sie sich von der hervorragenden Qualit\u00e4t unserer Dienstleistung. Wir w\u00fcrden uns freuen, Sie schon bald in unserem Kundenkreis begr\u00fc\u00dfen zu k\u00f6nnen.<\/p>\n<\/div>\n<p>[\/et_pb_text][\/et_pb_column][\/et_pb_row][\/et_pb_section]<\/p>\n","protected":false},"excerpt":{"rendered":"<p>Einen guten Tag w\u00fcnschen wir Ihnen! Wir m\u00f6chten Ihnen an dieser Stelle einen \u00dcberblick \u00fcber unsere Leistungen anzeigen:\u00a0 Die Wartung, St\u00f6rungsbehebung und Reparatur bestehender Aufzugsanlagen. Modernisierung von Aufzuganlagen Anpassung von Aufzugsanlagen an den heutigen Stand der Technik. Fernnotrufdienst; Leitstandanbindung. Gef\u00e4hrdungsanalyse von bestehenden Anlagen. Zuverl\u00e4ssiger, schneller St\u00f6rungs- und Notdienst. Einen Notdienst, der an 365 Tagen 24 [&hellip;]<\/p>\n","protected":false},"author":2,"featured_media":0,"parent":0,"menu_order":0,"comment_status":"closed","ping_status":"closed","template":"","meta":{"_et_pb_use_builder":"on","_et_pb_old_content":"<div class=\"jsn-article-content\">\n\t<p>\n\t\t<span style=\"color: #4b6b94; font-size: 12pt;\"><strong>Einen guten Tag w&uuml;nschen wir Ihnen!<\/strong><\/span>\n\t<\/p>\n\n\t<p>\n\t\t<span style=\"color: #4b6b94;\">Wir m&ouml;chten Ihnen an dieser Stelle einen &Uuml;berblick &uuml;ber unsere Leistungen anzeigen:<strong>&nbsp;<\/strong><\/span>\n\t<\/p>\n\n\t<p>\n\t\t<span style=\"color: #4b6b94;\"><strong>Unser Leistungen f&uuml;r Sie&nbsp;<\/strong><\/span>\n\t<\/p>\n\n\t<ul>\n\t\t<li>\n\t\t\t<span style=\"color: #4b6b94;\">Die Wartung, St&ouml;rungsbehebung und Reparatur bestehender Aufzugsanlagen. <\/span>\n\t\t<\/li>\n\t\t<li>\n\t\t\t<span style=\"color: #4b6b94;\">Modernisierung von Aufzuganlagen. <\/span>\n\t\t<\/li>\n\t\t<li>\n\t\t\t<span style=\"color: #4b6b94;\">Neubau von Aufzuganlagen. <\/span>\n\t\t<\/li>\n\t\t<li>\n\t\t\t<span style=\"color: #4b6b94;\">Anpassung von Aufzugsanlagen an den heutigen Stand der Technik. <\/span>\n\t\t<\/li>\n\t\t<li>\n\t\t\t<span style=\"color: #4b6b94;\">Fernnotrufdienst; Leitstandanbindung. <\/span>\n\t\t<\/li>\n\t\t<li>\n\t\t\t<span style=\"color: #4b6b94;\">Gef&auml;hrdungsanalyse von bestehenden Anlagen. <\/span>\n\t\t<\/li>\n\t\t<li>\n\t\t\t<span style=\"color: #4b6b94;\">Zuverl&auml;ssiger, schneller St&ouml;rungs- und Notdienst. <\/span>\n\t\t<\/li>\n\t\t<li>\n\t\t\t<span style=\"color: #4b6b94;\">Einen Notdienst, der an 365 Tagen 24 Stunden im Jahr zur Verf&uuml;gung steht. <\/span>\n\t\t<\/li>\n\t\t<li>\n\t\t\t<span style=\"color: #4b6b94;\">Pr&uuml;fungen nach DUGV V3<\/span>\n\t\t<\/li>\n\t\t<li>\n\t\t\t<span style=\"color: #4b6b94;\">Pr&uuml;fungen Ihrer Elektroinstallation und Betriebsmittel nach geltenden Vorschriften. <\/span>\n\t\t<\/li>\n\t\t<li>\n\t\t\t<span style=\"color: #4b6b94;\">Beratung und Umsetzung von Energieeinsparma&szlig;nahmen.<\/span>\n\t\t<\/li>\n\t\t<li>\n\t\t\t<span style=\"color: #4b6b94;\">Begleitung und Unterst&uuml;tzung der Sachverst&auml;ndigen bei erforderlichen Pr&uuml;fungen und Abnahmen.<\/span>\n\t\t<\/li>\n\t<\/ul>\n\n\t<p>\n\t\t&nbsp;\n\t<\/p>\n\n\t<p>\n\t\t<span style=\"color:#4b6b94;\">Wir bieten unseren Kunden zukunftsorientierte L&ouml;sungen f&uuml;r ihre individuellen Bed&uuml;rfnisse, die auf unserer langj&auml;hrigen Erfahrung in der Aufzugstechnik aufbauen. Insbesondere im Falle der Wartung wird die Sicherheit und optimale Funktionalit&auml;t der betreuten Anlagen gew&auml;hrleistet, unser Unternehmen ist nach DIN EN 13015 zertifiziert.<br \/>\n\t\t&Uuml;berzeugen Sie sich von der hervorragenden Qualit&auml;t unserer Dienstleistung. Wir w&uuml;rden uns freuen, Sie schon bald in unserem Kundenkreis begr&uuml;&szlig;en zu k&ouml;nnen.<\/span>\n\t<\/p>\n<\/div>\n","_et_gb_content_width":"","_uag_custom_page_level_css":"","footnotes":""},"class_list":["post-695","page","type-page","status-publish","hentry"],"uagb_featured_image_src":{"full":false,"thumbnail":false,"medium":false,"medium_large":false,"large":false,"1536x1536":false,"2048x2048":false,"et-pb-post-main-image":false,"et-pb-post-main-image-fullwidth":false,"et-pb-portfolio-image":false,"et-pb-portfolio-module-image":false,"et-pb-portfolio-image-single":false,"et-pb-gallery-module-image-portrait":false,"et-pb-post-main-image-fullwidth-large":false,"et-pb-image--responsive--desktop":false,"et-pb-image--responsive--tablet":false,"et-pb-image--responsive--phone":false},"uagb_author_info":{"display_name":"admin","author_link":"https:\/\/www.leltec.com\/?author=2"},"uagb_comment_info":0,"uagb_excerpt":"Einen guten Tag w\u00fcnschen wir Ihnen! Wir m\u00f6chten Ihnen an dieser Stelle einen \u00dcberblick \u00fcber unsere Leistungen anzeigen:\u00a0 Die Wartung, St\u00f6rungsbehebung und Reparatur bestehender Aufzugsanlagen. Modernisierung von Aufzuganlagen Anpassung von Aufzugsanlagen an den heutigen Stand der Technik. Fernnotrufdienst; Leitstandanbindung. Gef\u00e4hrdungsanalyse von bestehenden Anlagen. Zuverl\u00e4ssiger, schneller St\u00f6rungs- und Notdienst. Einen Notdienst, der an 365 Tagen 24&hellip;","_links":{"self":[{"href":"https:\/\/www.leltec.com\/index.php?rest_route=\/wp\/v2\/pages\/695","targetHints":{"allow":["GET"]}}],"collection":[{"href":"https:\/\/www.leltec.com\/index.php?rest_route=\/wp\/v2\/pages"}],"about":[{"href":"https:\/\/www.leltec.com\/index.php?rest_route=\/wp\/v2\/types\/page"}],"author":[{"embeddable":true,"href":"https:\/\/www.leltec.com\/index.php?rest_route=\/wp\/v2\/users\/2"}],"replies":[{"embeddable":true,"href":"https:\/\/www.leltec.com\/index.php?rest_route=%2Fwp%2Fv2%2Fcomments&post=695"}],"version-history":[{"count":4,"href":"https:\/\/www.leltec.com\/index.php?rest_route=\/wp\/v2\/pages\/695\/revisions"}],"predecessor-version":[{"id":25337,"href":"https:\/\/www.leltec.com\/index.php?rest_route=\/wp\/v2\/pages\/695\/revisions\/25337"}],"wp:attachment":[{"href":"https:\/\/www.leltec.com\/index.php?rest_route=%2Fwp%2Fv2%2Fmedia&parent=695"}],"curies":[{"name":"wp","href":"https:\/\/api.w.org\/{rel}","templated":true}]}}