{"id":773,"date":"2012-12-14T21:47:03","date_gmt":"2012-12-14T20:47:03","guid":{"rendered":"http:\/\/leltec.de\/?page_id=773"},"modified":"2019-08-11T12:01:30","modified_gmt":"2019-08-11T12:01:30","slug":"prufung-nach-bgv-a3","status":"publish","type":"page","link":"https:\/\/www.leltec.com\/?page_id=773","title":{"rendered":"Pr\u00fcfung nach DGUV V3"},"content":{"rendered":"<p>[et_pb_section fb_built=&#8220;1&#8243; admin_label=&#8220;section&#8220; _builder_version=&#8220;3.22&#8243;][et_pb_row admin_label=&#8220;row&#8220; _builder_version=&#8220;3.26.7&#8243; background_size=&#8220;initial&#8220; background_position=&#8220;top_left&#8220; background_repeat=&#8220;repeat&#8220; border_radii=&#8220;on|6px|6px|6px|6px&#8220; box_shadow_style=&#8220;preset6&#8243; custom_margin=&#8220;||||false|false&#8220; animation_style=&#8220;slide&#8220; custom_padding=&#8220;|14px||14px|false|false&#8220;][et_pb_column type=&#8220;4_4&#8243; _builder_version=&#8220;3.25&#8243; custom_padding=&#8220;|||&#8220; custom_padding__hover=&#8220;|||&#8220;][et_pb_text admin_label=&#8220;Text&#8220; _builder_version=&#8220;3.26.6&#8243; background_size=&#8220;initial&#8220; background_position=&#8220;top_left&#8220; background_repeat=&#8220;repeat&#8220; custom_padding=&#8220;|||11px|false|false&#8220;]<\/p>\n<p style=\"text-align: left;\"><span style=\"font-size: 12pt; color: #4b6b94;\"><strong>Elektrische Sicherheit an Aufz\u00fcgen<\/strong><\/span><\/p>\n<p><span style=\"font-size: 10pt; color: #4b6b94;\">Als Meisterbetrieb im Elektrotechnikerhandwerk sind wir berechtigt diese Pr\u00fcfungen auszuf\u00fchren und Pr\u00fcfprotokolle anzufertigen, diese anzufertigen wird empfohlen, ist aber f\u00fcr eine verl\u00e4ssliche Dokumentation unabdingbar. Diese Pr\u00fcfung kann auf Grundlage der Unfallverh\u00fctungsvorschrift DGUV V3 erbracht werden, diese erf\u00fcllt alle Bedingungen und nicht nur die Mindestanforderungen.<\/span><\/p>\n<p><span style=\"font-size: 10pt; color: #4b6b94;\">Hierbei wird durch Sichtpr\u00fcfung der elektrischen Anlage sowie durch Messung mit zugelassenen Messger\u00e4ten\u00a0nach <\/span><span style=\"color: #4b6b94;\"><span style=\"font-size: 10pt;\"><em>DIN VDE 0413<\/em><\/span><\/span><span style=\"font-size: 10pt; color: #4b6b94;\"> unter anderem der Schleifenwiderstand; Isolationswiderstand und Schutzleiterverbindungen festgestellt ob die elektrische Anlage des Aufzuges sicher ist. <\/span><\/p>\n<p><span style=\"text-decoration: underline; font-size: 10pt;\"><a href=\"https:\/\/leltec.de\/?page_id=685\"><strong><span style=\"color: #4b6b94; text-decoration: underline;\">Pr\u00fcffristen f\u00fcr elektrische Anlagen und Betriebsmittel: <\/span><\/strong><\/a><\/span><\/p>\n<p>Regelm\u00e4\u00dfige Pr\u00fcfungen von Aufzugsanlagen werden wiederkehrende Pr\u00fcfungen genannt. Diese Pr\u00fcfungen sind in der Betriebssicherheitsverordnung (BetrSichV) festgeschrieben. Die BetrSichV hat Gesetzescharakter und ist deshalb f\u00fcr jeden Betreiber verbindlich einzuhalten.<\/p>\n<table class=\"zebra\">\n<caption>Wiederholungspr\u00fcfungen ortsfester elektrischer Anlagen und Betriebsmittel<\/caption>\n<tbody>\n<tr>\n<th>Anlage\/Betriebsmittel<\/th>\n<th>Pr\u00fcffrist<\/th>\n<th>Art der Pr\u00fcfung<\/th>\n<th>Pr\u00fcfer<\/th>\n<\/tr>\n<tr>\n<td>Elektrische Anlagen und ortsfeste Betriebsmittel<\/td>\n<td>4 Jahre<\/td>\n<td rowspan=\"2\">\n<p>auf ordnungs-<\/p>\n<p>gem\u00e4\u00dfen Zustand<\/p>\n<\/td>\n<td rowspan=\"2\">Elektrofachkraft<\/td>\n<\/tr>\n<tr>\n<td>Elektrische Anlagen und ortsfeste elektrische Betriebsmittel in &#8222;Betriebsst\u00e4tten, R\u00e4umen und Anlagen besonderer Art&#8220; (DIN VDE 0100 Gruppe 700)<\/td>\n<td>1 Jahr<\/td>\n<\/tr>\n<tr>\n<td>\n<p>Schutzma\u00dfnahmen mit Fehlerstrom-<\/p>\n<p>Schutzeinrichtungen in nichtstation\u00e4ren Anlagen<\/p>\n<\/td>\n<td>1 Monat<\/td>\n<td>auf Wirksamkeit<\/td>\n<td>Elektrofachkraft oder elektrotechnisch unterwiesene Person bei Verwendung geeigneter Me\u00df- und Pr\u00fcfger\u00e4te<\/td>\n<\/tr>\n<tr>\n<td>\n<p>Fehlerstrom-, Differenzstrom und Fehlerspannungs-<\/p>\n<p>Schutzschalter<\/p>\n<p>&nbsp;<\/p>\n<ul>\n<li>in station\u00e4ren Anlagen<\/li>\n<li>in nichtstation\u00e4ren Anlagen<\/li>\n<\/ul>\n<\/td>\n<td>\n<p>6 Monate<\/p>\n<p>&nbsp;<\/p>\n<p>arbeitst\u00e4glich<\/p>\n<\/td>\n<td>auf einwandfreie Funktion durch Bet\u00e4tigen der Pr\u00fcfeinrichtung<\/td>\n<td>Benutzer<\/td>\n<\/tr>\n<\/tbody>\n<\/table>\n<hr class=\"dotted\" \/>\n<table class=\"zebra\">\n<caption>Wiederholungspr\u00fcfungen ortsver\u00e4nderlicher elektrischer Betriebsmittel<\/caption>\n<tbody>\n<tr>\n<th>Anlage\/Betriebsmittel<\/th>\n<th>\n<p>Pr\u00fcffrist<\/p>\n<p>Richt- und Maximal-Werte<\/p>\n<\/th>\n<th>Art der Pr\u00fcfung<\/th>\n<th>Pr\u00fcfer<\/th>\n<\/tr>\n<tr>\n<td valign=\"TOP\">\n<p>Ortsver\u00e4nderliche elektrische Betriebsmittel (soweit benutzt)<\/p>\n<p>Verl\u00e4ngerungs- und Ger\u00e4teanschluss-<\/p>\n<p>leitungen mit Steckvorrichtungen<\/p>\n<p>Anschlussleitungen mit Stecker<\/p>\n<p>bewegliche Leitungen mit Stecker und Festanschluss<\/p>\n<\/td>\n<td valign=\"TOP\">\n<p>Richtwert 6 Monate, auf Baustellen 3 Monate. Wird bei den Pr\u00fcfungen eine Fehlerquote &lt; 2%) erreicht, kann die Pr\u00fcffrist entsprechend verl\u00e4ngert werden.<\/p>\n<p><strong>Maximalwerte<\/strong>:<\/p>\n<p>Auf <strong>Baustellen<\/strong>, in <strong>Fertigungsst\u00e4tten<\/strong> und <strong>Werkst\u00e4tten<\/strong> oder unter \u00e4hnlichen Bedingungen ein Jahr,<\/p>\n<p>in <strong>B\u00fcros<\/strong> oder unter \u00e4hnlichen Bedingungen zwei Jahre.<\/p>\n<\/td>\n<td valign=\"TOP\">\n<p>auf ordnungs-<\/p>\n<p>gem\u00e4\u00dfen Zustand<\/p>\n<\/td>\n<td valign=\"TOP\">Elektrofachkraft, bei Verwendung geeigneter Mess- und Pr\u00fcfger\u00e4te auch elektrotechnisch unterwiesene Person<\/td>\n<\/tr>\n<\/tbody>\n<\/table>\n<p>&nbsp;<\/p>\n<table id=\"table1\" style=\"width: 100%;\" border=\"0\">\n<tbody style=\"text-align: left;\">\n<tr style=\"text-align: left;\">\n<td style=\"text-align: left;\">\n<p style=\"text-align: center;\"><img loading=\"lazy\" decoding=\"async\" alt=\"Pruefplakette\" src=\"wp-content\/uploads\/bilder\/Pruefplakette_2017.jpg\" width=\"214\" height=\"107\" border=\"0\" \/><\/p>\n<\/td>\n<td style=\"text-align: left;\">\n<div style=\"text-align: left;\">\u00a0<\/div>\n<p style=\"text-align: left;\"><strong><span style=\"color: #4b6b94;\">Leltec GmbH Aufzug &amp; F\u00f6rdertechnik\u00a0 Meisterbetrieb im Elektrotechnikerhandwerk.<\/span><\/strong><\/p>\n<\/td>\n<\/tr>\n<\/tbody>\n<\/table>\n<p>[\/et_pb_text][\/et_pb_column][\/et_pb_row][\/et_pb_section]<\/p>\n","protected":false},"excerpt":{"rendered":"<p>Elektrische Sicherheit an Aufz\u00fcgen Als Meisterbetrieb im Elektrotechnikerhandwerk sind wir berechtigt diese Pr\u00fcfungen auszuf\u00fchren und Pr\u00fcfprotokolle anzufertigen, diese anzufertigen wird empfohlen, ist aber f\u00fcr eine verl\u00e4ssliche Dokumentation unabdingbar. Diese Pr\u00fcfung kann auf Grundlage der Unfallverh\u00fctungsvorschrift DGUV V3 erbracht werden, diese erf\u00fcllt alle Bedingungen und nicht nur die Mindestanforderungen. Hierbei wird durch Sichtpr\u00fcfung der elektrischen Anlage [&hellip;]<\/p>\n","protected":false},"author":2,"featured_media":0,"parent":0,"menu_order":0,"comment_status":"closed","ping_status":"closed","template":"","meta":{"_et_pb_use_builder":"on","_et_pb_old_content":"<p style=\"text-align: left;\">\n\t<span style=\"font-size: 12pt; color: #4b6b94;\"><strong>Elektrische Sicherheit an Aufz&uuml;gen<\/strong><\/span>\n<\/p>\n\n<p>\n\t<span style=\"font-size: 10pt; color: #4b6b94;\">...elektrischen Anlagen eines Aufzuges.<\/span>\n<\/p>\n\n<p>\n\t<span style=\"font-size: 10pt; color: #4b6b94;\">Als eingetragener Meisterbetrieb im Elektrotechnikerhandwerk sind wir berechtigt diese Pr&uuml;fungen auszuf&uuml;hren und Pr&uuml;fprotokolle anzufertigen, diese anzufertigen wird empfolhen, ist aber f&uuml;r eine verl&auml;ssliche Dokumentation unabdingbar. Diese Pr&uuml;fung kann auf Grundlage der Unfallverh&uuml;tungsvorschrift DGUV V3 erbracht werden, diese erf&uuml;llt alle Bedingungen und nicht nur die Mindestanforderungen.<\/span>\n<\/p>\n\n<p>\n\t<span style=\"font-size: 10pt; color: #4b6b94;\">Hierbei wird durch Sichtpr&uuml;fung der elektrischen Anlage sowie durch Messung mit zugelassenen Messger&auml;ten&nbsp;nach <\/span><span style=\"color:#4b6b94;\"><span style=\"font-size: 10pt;\"><em>DIN VDE 0413<\/em><\/span><\/span><span style=\"font-size: 10pt; color: #4b6b94;\"> unter anderem der Schleifenwiderstand; Isolationswiderstand und Schutzleiterverbindungen festgestellt ob die elektrische Anlage des Aufzuges sicher ist. <\/span>\n<\/p>\n\n<p>\n\t&nbsp;\n<\/p>\n\n<table border=\"0\" id=\"table1\" style=\"width: 100%;\">\n\t<tbody style=\"text-align: left;\">\n\t\t<tr style=\"text-align: left;\">\n\t\t\t<td style=\"text-align: left;\">\n\t\t\t\t<p style=\"text-align: center;\">\n\t\t\t\t\t<img alt=\"Pruefplakette\" border=\"0\" height=\"107\" src=\"wp-content\/uploads\/bilder\/Pruefplakette_2017.jpg\" width=\"214\" \/>\n\t\t\t\t<\/p>\n\t\t\t<\/td>\n\t\t\t<td style=\"text-align: left;\">\n\t\t\t\t<div style=\"text-align: left;\">\n\t\t\t\t\t&nbsp;\n\t\t\t\t<\/div>\n\n\t\t\t\t<p style=\"text-align: left;\">\n\t\t\t\t\t<strong><span style=\"color: #4b6b94;\">Leltec GmbH Aufzug &amp; F&ouml;rdertechnik eingetragener Meisterbetrieb im Elektrotechnikerhandwerk Kreis Wesel.<\/span><\/strong>\n\t\t\t\t<\/p>\n\t\t\t<\/td>\n\t\t<\/tr>\n\t<\/tbody>\n<\/table>\n","_et_gb_content_width":"","_uag_custom_page_level_css":"","footnotes":""},"class_list":["post-773","page","type-page","status-publish","hentry"],"uagb_featured_image_src":{"full":false,"thumbnail":false,"medium":false,"medium_large":false,"large":false,"1536x1536":false,"2048x2048":false,"et-pb-post-main-image":false,"et-pb-post-main-image-fullwidth":false,"et-pb-portfolio-image":false,"et-pb-portfolio-module-image":false,"et-pb-portfolio-image-single":false,"et-pb-gallery-module-image-portrait":false,"et-pb-post-main-image-fullwidth-large":false,"et-pb-image--responsive--desktop":false,"et-pb-image--responsive--tablet":false,"et-pb-image--responsive--phone":false},"uagb_author_info":{"display_name":"admin","author_link":"https:\/\/www.leltec.com\/?author=2"},"uagb_comment_info":0,"uagb_excerpt":"Elektrische Sicherheit an Aufz\u00fcgen Als Meisterbetrieb im Elektrotechnikerhandwerk sind wir berechtigt diese Pr\u00fcfungen auszuf\u00fchren und Pr\u00fcfprotokolle anzufertigen, diese anzufertigen wird empfohlen, ist aber f\u00fcr eine verl\u00e4ssliche Dokumentation unabdingbar. Diese Pr\u00fcfung kann auf Grundlage der Unfallverh\u00fctungsvorschrift DGUV V3 erbracht werden, diese erf\u00fcllt alle Bedingungen und nicht nur die Mindestanforderungen. Hierbei wird durch Sichtpr\u00fcfung der elektrischen Anlage&hellip;","_links":{"self":[{"href":"https:\/\/www.leltec.com\/index.php?rest_route=\/wp\/v2\/pages\/773","targetHints":{"allow":["GET"]}}],"collection":[{"href":"https:\/\/www.leltec.com\/index.php?rest_route=\/wp\/v2\/pages"}],"about":[{"href":"https:\/\/www.leltec.com\/index.php?rest_route=\/wp\/v2\/types\/page"}],"author":[{"embeddable":true,"href":"https:\/\/www.leltec.com\/index.php?rest_route=\/wp\/v2\/users\/2"}],"replies":[{"embeddable":true,"href":"https:\/\/www.leltec.com\/index.php?rest_route=%2Fwp%2Fv2%2Fcomments&post=773"}],"version-history":[{"count":8,"href":"https:\/\/www.leltec.com\/index.php?rest_route=\/wp\/v2\/pages\/773\/revisions"}],"predecessor-version":[{"id":25173,"href":"https:\/\/www.leltec.com\/index.php?rest_route=\/wp\/v2\/pages\/773\/revisions\/25173"}],"wp:attachment":[{"href":"https:\/\/www.leltec.com\/index.php?rest_route=%2Fwp%2Fv2%2Fmedia&parent=773"}],"curies":[{"name":"wp","href":"https:\/\/api.w.org\/{rel}","templated":true}]}}