{"id":781,"date":"2012-12-14T21:49:24","date_gmt":"2012-12-14T20:49:24","guid":{"rendered":"http:\/\/leltec.de\/?page_id=781"},"modified":"2019-08-11T11:29:14","modified_gmt":"2019-08-11T11:29:14","slug":"kabinenbeleuchtung","status":"publish","type":"page","link":"https:\/\/www.leltec.com\/?page_id=781","title":{"rendered":"Kabinenbeleuchtung"},"content":{"rendered":"<p>[et_pb_section fb_built=&#8220;1&#8243; admin_label=&#8220;section&#8220; _builder_version=&#8220;3.22&#8243;][et_pb_row admin_label=&#8220;row&#8220; _builder_version=&#8220;3.25&#8243; background_size=&#8220;initial&#8220; background_position=&#8220;top_left&#8220; background_repeat=&#8220;repeat&#8220;][et_pb_column type=&#8220;4_4&#8243; _builder_version=&#8220;3.25&#8243; custom_padding=&#8220;|||&#8220; custom_padding__hover=&#8220;|||&#8220;][et_pb_text admin_label=&#8220;Text&#8220; _builder_version=&#8220;3.26.6&#8243; background_size=&#8220;initial&#8220; background_position=&#8220;top_left&#8220; background_repeat=&#8220;repeat&#8220; border_radii=&#8220;on|6px|6px|6px|6px&#8220; box_shadow_style=&#8220;preset6&#8243; custom_padding=&#8220;|12px||12px|false|false&#8220;]<\/p>\n<p style=\"text-align: center;\">\n<p style=\"text-align: center;\">\n<p style=\"text-align: center;\">Die Energiekosten eines Aufzuges sind in fr\u00fcheren Jahren haupts\u00e4chlich f\u00fcr die Beleuchtung enstanden, dieses hat sich in den letzten Jahren ge\u00e4ndert!<\/p>\n<p style=\"text-align: center;\">\n<p style=\"text-align: center;\"><img loading=\"lazy\" decoding=\"async\" alt=\"\" src=\"wp-content\/uploads\/offizieler_ausruester.jpg\" width=\"695\" height=\"240\" \/><\/p>\n<p style=\"text-align: justify;\"><span style=\"color: #4b6b94;\"><strong>Energiekosten f\u00fcr die Aufzugkabinenbeleuchtung: Sie zahlen auch zuviel?<\/strong><\/span><\/p>\n<p><span style=\"color: #4b6b94;\"><em>Hier ein Beispiel<\/em>:<\/span><\/p>\n<p><span style=\"color: #4b6b94;\">Eine herk\u00f6mmliche Kabinenbeleuchtung: 2 x 58 Watt Leuchtstofflampen. Verbrauch am Tag: 2 x 58 x 24 Std. = 2784 Watt =2,784KW. Das sind ca: 1016 KW im Jahr<\/span><\/p>\n<p><span style=\"color: #4b6b94;\">LED Beleuchtung: 30 Watt x 24 Std. = 720Watt = 0,72KW am Tag. Das sind 262,8KW im Jahr, alleine hier liegt die Energieeinsparung bei 753,2KW im Jahr. <\/span><\/p>\n<p><span style=\"color: #4b6b94;\">Alternativ dazu, k\u00f6nnen wir Ihnen ein Steuerger\u00e4t anbieten was die Kabinenbeleuchtung w\u00e4hrend der Nichtbenutzung der Aufzuganlage abschaltet und die Kabinenbeleuchtung bei Anforderung automatisch einschaltet.<\/span><\/p>\n<p><span style=\"color: #4b6b94;\">Sie verf\u00fcgen \u00fcber Halogenbeleuchtung? 40Watt pro Lampe? nehmen Sie 2,5 Watt pro Lampe! Ersparniss pro Lampe bei 40 Watt Halogen, satte 37,5 Watt pro Stunde und das an 365 Tagen im Jahr!<\/span><\/p>\n<p>Wir beraten Sie hier gerne und erstellen Ihnen ein pers\u00f6nliches Angebot, mit Kosten Nutzungs Rechnung.\u00a0 Halogen und LED Lampen im Vergleich.<\/p>\n<table width=\"100%\" cellpadding=\"2\" border=\"0\">\n<tbody>\n<tr>\n<td width=\"2%\">\u00a0<\/td>\n<td colspan=\"4\"><em>LED Strahler 240 Lumen 6000K 2,5 Watt anstelle von Halogenstrahlern! mit LED Trafo<\/em><\/td>\n<\/tr>\n<tr>\n<td>\u00a0<\/td>\n<td width=\"8%\"><\/td>\n<td colspan=\"2\" valign=\"bottom\">\n<p>\u2022 Lichtstrom 240lm\u00a0\u00a0\u00a0\u00a0\u00a0\u00a0\u00a0\u00a0\u00a0\u00a0\u00a0\u00a0\u00a0\u00a0\u00a0\u00a0\u00a0\u00a0\u00a0\u00a0\u00a0\u00a0\u00a0\u00a0 \u2022 Leistung 2,5W<\/p>\n<p>\u2022 Lichtfarbe wei\u00df\u00a0\u00a0\u00a0\u00a0\u00a0\u00a0\u00a0\u00a0\u00a0\u00a0\u00a0\u00a0\u00a0\u00a0\u00a0\u00a0\u00a0\u00a0\u00a0\u00a0\u00a0\u00a0\u00a0\u00a0\u00a0\u00a0\u00a0 \u2022 Farbtemperatur 6000K<\/p>\n<p>\u2022 Leuchtwinkel 120\u00b0\u00a0\u00a0\u00a0\u00a0\u00a0\u00a0\u00a0\u00a0\u00a0\u00a0\u00a0\u00a0\u00a0\u00a0\u00a0\u00a0\u00a0\u00a0\u00a0\u00a0\u00a0\u00a0 \u2022 Spannung 12V=<\/p>\n<p>\u2022 Sockel GU5.3\u00a0\u00a0\u00a0\u00a0\u00a0\u00a0\u00a0\u00a0\u00a0\u00a0\u00a0\u00a0\u00a0\u00a0\u00a0\u00a0\u00a0\u00a0\u00a0\u00a0\u00a0\u00a0\u00a0\u00a0\u00a0\u00a0\u00a0\u00a0\u00a0\u00a0\u00a0\u00a0 \u2022100% Hell 0 Sek.<\/p>\n<p>\u2022 Ein\/Aus 20.000x\u00a0\u00a0\u00a0\u00a0\u00a0\u00a0\u00a0\u00a0\u00a0\u00a0\u00a0\u00a0\u00a0\u00a0\u00a0\u00a0\u00a0\u00a0\u00a0\u00a0\u00a0\u00a0\u00a0\u00a0\u00a0\u00a0 \u2022 Leuchtdauer 30.000 Std.<\/p>\n<p>\u2022 Leistungsfaktor &gt;0,5\u2022 RA &gt;80\u00a0\u00a0\u00a0\u00a0\u00a0 \u2022 Quecksilber Hg 0,0mg\u2022 \u00d8xL 50x50mm<\/p>\n<p>\u2022 Energieeffizienzklasse A+\u00a0\u00a0\u00a0\u00a0\u00a0\u00a0\u00a0\u00a0\u00a0\u00a0\u00a0 \u2022 Verbrauch \/ 1000h 2,5kWh<\/p>\n<p>\u2022 nicht dimmbar\u00a0\u00a0\u00a0\u00a0\u00a0\u00a0\u00a0\u00a0\u00a0\u00a0\u00a0\u00a0\u00a0\u00a0\u00a0\u00a0\u00a0\u00a0\u00a0\u00a0\u00a0\u00a0\u00a0\u00a0\u00a0\u00a0\u00a0\u00a0\u00a0 \u2022 Nicht geeignet f\u00fcr Akzentbeleuchtung<\/p>\n<p>\u2022 mit Frontcover\u00a0\u00a0\u00a0\u00a0\u00a0\u00a0\u00a0\u00a0\u00a0\u00a0\u00a0\u00a0\u00a0\u00a0\u00a0\u00a0\u00a0\u00a0\u00a0\u00a0\u00a0\u00a0\u00a0\u00a0\u00a0\u00a0\u00a0\u00a0\u00a0 \u2022 warmwei\u00df<\/p>\n<p>&nbsp;<\/p>\n<\/td>\n<td width=\"1%\">\u00a0<\/td>\n<\/tr>\n<tr>\n<td colspan=\"5\">\u00a0<\/td>\n<\/tr>\n<tr>\n<td>\u00a0<\/td>\n<td colspan=\"4\"><em>CabinLED3-Aufbau mit 1. Erweiterungsring<\/em><\/td>\n<\/tr>\n<tr>\n<td>\u00a0<\/td>\n<td><img loading=\"lazy\" decoding=\"async\" alt=\"Aufzug-Kabinenlicht-LED3_Aufbau_200\" src=\"wp-content\/uploads\/images\/Aufzug-Kabinenlicht-CabinLED3_Aufbau_Ring_200.jpg\" width=\"133\" height=\"150\" border=\"0\" \/><\/td>\n<td colspan=\"2\" valign=\"bottom\">Obwohl die Lampe CabinLED3 mit 180lm bzw. 210lm einen etwas niedrigeren Lichtstromwert als eine 20W Halogenlampe hat, ist eine Aufzugkabine mit CabinLED3-Lampen durch den 120-135\u00b0 Abstrahlwinkel deutlich heller ausgeleuchtet als eine gleiche Kabine mit 20W Halogenlampen.<\/td>\n<td>\u00a0<\/td>\n<\/tr>\n<tr>\n<td colspan=\"5\">\u00a0<\/td>\n<\/tr>\n<tr>\n<td>\u00a0<\/td>\n<td colspan=\"3\"><em>Kabinenbeleuchtung CabinLED7 Vandalensicher<\/em><\/td>\n<td>\u00a0<\/td>\n<\/tr>\n<tr>\n<td>\u00a0<\/td>\n<td><img loading=\"lazy\" decoding=\"async\" alt=\"Aufzug-Kabinenlicht-CabinLED7_van_200\" src=\"wp-content\/uploads\/images\/Aufzug-Kabinenlicht-CabinLED7_van_200.jpg\" width=\"116\" height=\"150\" border=\"0\" \/><\/td>\n<td colspan=\"2\" valign=\"bottom\">Die Lampe entspricht der EN81-71: 2005 Sicherheitsregel f\u00fcr Konstruktion und Einbau von Aufz\u00fcgen- Besondere Anwendungen f\u00fcr Personen und Lastenaufz\u00fcge- Teil 71: Schutzma\u00dfnahmen gegen mutwillige Zerst\u00f6rung. Die technischen Anforderungen gem\u00e4\u00df EN81-71: 2005 5.4.4 Fahrkorbbeleuchtung und die im Anhang B (Sto\u00dfversuch) und Anhang F (Brandpr\u00fcfung) werden vollst\u00e4ndig erf\u00fcllt. Die Lampe CabinLED-LED7-vandalensicher entspricht der Vandalen-Schutzkategorie 2 (h\u00f6chste Schutzstufe).<\/td>\n<td>\u00a0<\/td>\n<\/tr>\n<tr>\n<td colspan=\"5\">\u00a0<\/td>\n<\/tr>\n<tr>\n<td>\u00a0<\/td>\n<td colspan=\"3\"><em>Kabinenbeleuchtung CabinLED3 ESG<\/em><\/td>\n<td>\u00a0<\/td>\n<\/tr>\n<tr>\n<td>\u00a0<\/td>\n<td><img loading=\"lazy\" decoding=\"async\" alt=\"Aufzug-Kabinen-licht-Cabin-LED3-\" src=\"wp-content\/uploads\/images\/Aufzug-Kabinen-licht-Cabin-LED3-.jpg\" width=\"100\" height=\"100\" border=\"0\" \/><\/td>\n<td colspan=\"2\" valign=\"bottom\">Bei der Kabinenbeleuchtung CabinLED3-ESG Einbau mit Schutzglas handelt es sich um eine Reihenschaltung von zwei Lampen an einem Stromregler. Eine ungerade Lampenzahl ist mit einem zus\u00e4tzlichen Dummy m\u00f6glich. Lampen sind \u00fcber Pulsweitenmodulation mit optionalen Dimmer CabinLED-Dimmer dimmbar.<\/td>\n<td>\u00a0<\/td>\n<\/tr>\n<tr>\n<td colspan=\"5\">\u00a0<\/td>\n<\/tr>\n<tr>\n<td>\u00a0<\/td>\n<td colspan=\"3\"><em>Feuerfest sto\u00dffest sichtseitig IP54<\/em><\/td>\n<td>\u00a0<\/td>\n<\/tr>\n<tr>\n<td>\u00a0<\/td>\n<td><img loading=\"lazy\" decoding=\"async\" alt=\"Aufzug-Kabinenlicht-CabinLED3_ESG_feuerfest_300\" src=\"wp-content\/uploads\/images\/Aufzug-Kabinenlicht-CabinLED3_ESG_feuerfest_300.jpg\" width=\"112\" height=\"150\" border=\"0\" \/><\/td>\n<td width=\"7%\"><img loading=\"lazy\" decoding=\"async\" alt=\"Aufzug-Kabinenlicht-LED3_ESG_stossfest_300\" src=\"wp-content\/uploads\/images\/Aufzug-Kabinenlicht-LED3_ESG_stossfest_300.jpg\" width=\"104\" height=\"150\" border=\"0\" \/><\/td>\n<td width=\"82%\" valign=\"bottom\">Die Kabinenbeleuchtung CabinLed3-ESG Einbau mit Schutzglas ist Feuer- und Sto\u00dffest<\/td>\n<td>\u00a0<\/td>\n<\/tr>\n<tr>\n<td colspan=\"5\">\u00a0<\/td>\n<\/tr>\n<tr>\n<td colspan=\"5\">\u00a0<\/td>\n<\/tr>\n<\/tbody>\n<\/table>\n<table width=\"100%\" border=\"0\">\n<tbody>\n<tr>\n<td bgcolor=\"#FFFFCC\">\u00a0<\/td>\n<td colspan=\"5\" bgcolor=\"#FFFFCC\"><em>Lichtfarbe:<\/em><\/td>\n<td bgcolor=\"#FFFFCC\">\u00a0<\/td>\n<\/tr>\n<tr>\n<td bgcolor=\"#FFFFCC\">\u00a0<\/td>\n<td bgcolor=\"#FFFFCC\">Zwei Lichtfarben sind w\u00e4hlbar:<\/td>\n<td bgcolor=\"#FFFFCC\">\u00a0<\/td>\n<td bgcolor=\"#FFFFCC\">\u00a0<\/td>\n<td bgcolor=\"#FFFFCC\">\u00a0<\/td>\n<td bgcolor=\"#FFFFCC\">Lampe CabinLED-LED3-Einbau<\/td>\n<td bgcolor=\"#FFFFCC\">\u00a0<\/td>\n<\/tr>\n<tr>\n<td bgcolor=\"#FFFFCC\">\u00a0<\/td>\n<td bgcolor=\"#FFFFCC\"><img loading=\"lazy\" decoding=\"async\" src=\"wp-content\/uploads\/images\/aufzug-kabinenlicht-weiss.jpg\" width=\"226\" height=\"150\" \/><\/td>\n<td bgcolor=\"#FFFFCC\">\u00a0<\/td>\n<td bgcolor=\"#FFFFCC\"><img loading=\"lazy\" decoding=\"async\" src=\"wp-content\/uploads\/images\/aufzug-kabinenlicht-natural-weiss.jpg\" width=\"226\" height=\"150\" \/><\/td>\n<td bgcolor=\"#FFFFCC\">\u00a0<\/td>\n<td bgcolor=\"#FFFFCC\"><img loading=\"lazy\" decoding=\"async\" src=\"wp-content\/uploads\/images\/aufzug-kabinenlicht-3x1.jpg\" width=\"226\" height=\"150\" \/><\/td>\n<td bgcolor=\"#FFFFCC\">\u00a0<\/td>\n<\/tr>\n<tr>\n<td bgcolor=\"#FFFFCC\">\u00a0<\/td>\n<td bgcolor=\"#FFFFCC\">\n<p>Lichtfarbe: wei\u00df (5600K-6500K)<\/p>\n<p>Die Kabine ist hellwei\u00df ausgeleuchtet (nicht bl\u00e4ulich)<\/p>\n<\/td>\n<td bgcolor=\"#FFFFCC\">\u00a0<\/td>\n<td bgcolor=\"#FFFFCC\">\n<p>Lichtfarbe: natural-wei\u00df (3700-4200K)<\/p>\n<p>Die Kabine ist natural-wei\u00df ausgeleuchtet<\/p>\n<\/td>\n<td bgcolor=\"#FFFFCC\">\u00a0<\/td>\n<td bgcolor=\"#FFFFCC\">\n<p>Leistung pro Lampe: 3x1W<\/p>\n<p>Lichtstrom u. Helligkeit: 300lm bei Lichtfarbe wei\u00df (w)<\/p>\n<p>228lm bei Lichtfarbe natural-wei\u00df (nw)<\/p>\n<\/td>\n<td bgcolor=\"#FFFFCC\">\u00a0<\/td>\n<\/tr>\n<\/tbody>\n<\/table>\n<p>[\/et_pb_text][\/et_pb_column][\/et_pb_row][\/et_pb_section]<\/p>\n","protected":false},"excerpt":{"rendered":"<p>Die Energiekosten eines Aufzuges sind in fr\u00fcheren Jahren haupts\u00e4chlich f\u00fcr die Beleuchtung enstanden, dieses hat sich in den letzten Jahren ge\u00e4ndert! Energiekosten f\u00fcr die Aufzugkabinenbeleuchtung: Sie zahlen auch zuviel? Hier ein Beispiel: Eine herk\u00f6mmliche Kabinenbeleuchtung: 2 x 58 Watt Leuchtstofflampen. Verbrauch am Tag: 2 x 58 x 24 Std. = 2784 Watt =2,784KW. Das sind [&hellip;]<\/p>\n","protected":false},"author":2,"featured_media":0,"parent":0,"menu_order":0,"comment_status":"closed","ping_status":"closed","template":"","meta":{"_et_pb_use_builder":"on","_et_pb_old_content":"<p style=\"text-align: center;\">\n\t<img alt=\"\" height=\"240\" src=\"wp-content\/uploads\/offizieler_ausruester.jpg\" width=\"695\" \/>\n<\/p>\n\n<p style=\"text-align: justify;\">\n\t<span style=\"color:#4b6b94;\"><strong>Energiekosten f&uuml;r die Aufzugkabinenbeleuchtung: Sie zahlen auch zuviel?<\/strong><\/span>\n<\/p>\n\n<p>\n\t<span style=\"color:#4b6b94;\"><em>Hier ein Beispiel<\/em>:<\/span>\n<\/p>\n\n<p>\n\t<span style=\"color:#4b6b94;\">Eine herk&ouml;mmliche Kabinenbeleuchtung: 2 x 58 Watt Leuchtstofflampen. Verbrauch am Tag: 2 x 58 x 24 Std. = 2784 Watt =2,784KW. Das sind ca: 1016 KW im Jahr<\/span>\n<\/p>\n\n<p>\n\t<span style=\"color:#4b6b94;\">LED Beleuchtung: 30 Watt x 24 Std. = 720Watt = 0,72KW am Tag. Das sind 262,8KW im Jahr, alleine hier liegt die Energieeinsparung bei 753,2KW im Jahr. <\/span>\n<\/p>\n\n<p>\n\t<span style=\"color:#4b6b94;\">Alternativ dazu, k&ouml;nnen wir Ihnen ein Steuerger&auml;t anbieten was die Kabinenbeleuchtung w&auml;hrend der Nichtbenutzung der Aufzuganlage abschaltet und die Kabinenbeleuchtung bei Anforderung automatisch einschaltet.<\/span>\n<\/p>\n\n<p>\n\t<span style=\"color:#4b6b94;\">Sie verf&uuml;gen &uuml;ber Halogenbeleuchtung? 40Watt pro Lampe? nehmen Sie 2,5 Watt pro Lampe! Ersparniss pro Lampe bei 40 Watt Halogen, satte 37,5 Watt pro Stunde und das an 365 Tagen im Jahr!<br \/>\n\tWir beraten Sie hier gerne und erstellen Ihnen ein pers&ouml;nliches Angebot, mit Kosten Nutzungs Rechnung.&nbsp; Halogen und LED Lampen im Vergleich.<\/span><br \/>\n\t&nbsp;\n<\/p>\n\n<table border=\"0\" cellpadding=\"2\" width=\"100%\">\n\t<tbody>\n\t\t<tr>\n\t\t\t<td width=\"2%\">\n\t\t\t\t&nbsp;\n\t\t\t<\/td>\n\t\t\t<td colspan=\"4\">\n\t\t\t\t<em>LED Strahler 240 Lumen 6000K 2,5 Watt anstelle von Halogenstrahlern! mit LED Trafo<\/em>\n\t\t\t<\/td>\n\t\t<\/tr>\n\t\t<tr>\n\t\t\t<td>\n\t\t\t\t&nbsp;\n\t\t\t<\/td>\n\t\t\t<td width=\"8%\">\n\t\t\t\t<img alt=\"Aufzug-Kabinenlicht-CabinLED3_Aufbau_200\" src=\"wp-content\/uploads\/images\/LED-Strahler-H35.jpg\" style=\"border-width: 0px; border-style: solid; width: 119px; height: 150px;\" \/>\n\t\t\t<\/td>\n\t\t\t<td colspan=\"2\" valign=\"bottom\">\n\t\t\t\t<p>\n\t\t\t\t\t&bull; Lichtstrom 240lm&nbsp;&nbsp;&nbsp;&nbsp;&nbsp;&nbsp;&nbsp;&nbsp;&nbsp;&nbsp;&nbsp;&nbsp;&nbsp;&nbsp;&nbsp;&nbsp;&nbsp;&nbsp;&nbsp;&nbsp;&nbsp;&nbsp;&nbsp;&nbsp; &bull; Leistung 2,5W<br \/>\n\t\t\t\t\t&bull; Lichtfarbe wei&szlig;&nbsp;&nbsp;&nbsp;&nbsp;&nbsp;&nbsp;&nbsp;&nbsp;&nbsp;&nbsp;&nbsp;&nbsp;&nbsp;&nbsp;&nbsp;&nbsp;&nbsp;&nbsp;&nbsp;&nbsp;&nbsp;&nbsp;&nbsp;&nbsp;&nbsp;&nbsp;&nbsp; &bull; Farbtemperatur 6000K<br \/>\n\t\t\t\t\t&bull; Leuchtwinkel 120&deg;&nbsp;&nbsp;&nbsp;&nbsp;&nbsp;&nbsp;&nbsp;&nbsp;&nbsp;&nbsp;&nbsp;&nbsp;&nbsp;&nbsp;&nbsp;&nbsp;&nbsp;&nbsp;&nbsp;&nbsp;&nbsp;&nbsp; &bull; Spannung 12V=<br \/>\n\t\t\t\t\t&bull; Sockel GU5.3&nbsp;&nbsp;&nbsp;&nbsp;&nbsp;&nbsp;&nbsp;&nbsp;&nbsp;&nbsp;&nbsp;&nbsp;&nbsp;&nbsp;&nbsp;&nbsp;&nbsp;&nbsp;&nbsp;&nbsp;&nbsp;&nbsp;&nbsp;&nbsp;&nbsp;&nbsp;&nbsp;&nbsp;&nbsp;&nbsp;&nbsp;&nbsp; &bull;100% Hell 0 Sek.<br \/>\n\t\t\t\t\t&bull; Ein\/Aus 20.000x&nbsp;&nbsp;&nbsp;&nbsp;&nbsp;&nbsp;&nbsp;&nbsp;&nbsp;&nbsp;&nbsp;&nbsp;&nbsp;&nbsp;&nbsp;&nbsp;&nbsp;&nbsp;&nbsp;&nbsp;&nbsp;&nbsp;&nbsp;&nbsp;&nbsp;&nbsp; &bull; Leuchtdauer 30.000 Std.<br \/>\n\t\t\t\t\t&bull; Leistungsfaktor &gt;0,5&bull; RA &gt;80&nbsp;&nbsp;&nbsp;&nbsp;&nbsp; &bull; Quecksilber Hg 0,0mg&bull; &Oslash;xL 50x50mm<br \/>\n\t\t\t\t\t&bull; Energieeffizienzklasse A+&nbsp;&nbsp;&nbsp;&nbsp;&nbsp;&nbsp;&nbsp;&nbsp;&nbsp;&nbsp;&nbsp; &bull; Verbrauch \/ 1000h 2,5kWh<br \/>\n\t\t\t\t\t&bull; nicht dimmbar&nbsp;&nbsp;&nbsp;&nbsp;&nbsp;&nbsp;&nbsp;&nbsp;&nbsp;&nbsp;&nbsp;&nbsp;&nbsp;&nbsp;&nbsp;&nbsp;&nbsp;&nbsp;&nbsp;&nbsp;&nbsp;&nbsp;&nbsp;&nbsp;&nbsp;&nbsp;&nbsp;&nbsp;&nbsp; &bull; Nicht geeignet f&uuml;r Akzentbeleuchtung<br \/>\n\t\t\t\t\t&bull; mit Frontcover&nbsp;&nbsp;&nbsp;&nbsp;&nbsp;&nbsp;&nbsp;&nbsp;&nbsp;&nbsp;&nbsp;&nbsp;&nbsp;&nbsp;&nbsp;&nbsp;&nbsp;&nbsp;&nbsp;&nbsp;&nbsp;&nbsp;&nbsp;&nbsp;&nbsp;&nbsp;&nbsp;&nbsp;&nbsp; &bull; warmwei&szlig;\n\t\t\t\t<\/p>\n\n\t\t\t\t<p>\n\t\t\t\t\t&nbsp;\n\t\t\t\t<\/p>\n\t\t\t<\/td>\n\t\t\t<td width=\"1%\">\n\t\t\t\t&nbsp;\n\t\t\t<\/td>\n\t\t<\/tr>\n\t\t<tr>\n\t\t\t<td colspan=\"5\">\n\t\t\t\t&nbsp;\n\t\t\t<\/td>\n\t\t<\/tr>\n\t\t<tr>\n\t\t\t<td>\n\t\t\t\t&nbsp;\n\t\t\t<\/td>\n\t\t\t<td colspan=\"4\">\n\t\t\t\t<em>CabinLED3-Aufbau mit 1. Erweiterungsring<\/em>\n\t\t\t<\/td>\n\t\t<\/tr>\n\t\t<tr>\n\t\t\t<td>\n\t\t\t\t&nbsp;\n\t\t\t<\/td>\n\t\t\t<td>\n\t\t\t\t<img alt=\"Aufzug-Kabinenlicht-LED3_Aufbau_200\" border=\"0\" height=\"150\" src=\"wp-content\/uploads\/images\/Aufzug-Kabinenlicht-CabinLED3_Aufbau_Ring_200.jpg\" width=\"133\" \/>\n\t\t\t<\/td>\n\t\t\t<td colspan=\"2\" valign=\"bottom\">\n\t\t\t\tObwohl die Lampe CabinLED3 mit 180lm bzw. 210lm einen etwas niedrigeren Lichtstromwert als eine 20W Halogenlampe hat, ist eine Aufzugkabine mit CabinLED3-Lampen durch den 120-135&deg; Abstrahlwinkel deutlich heller ausgeleuchtet als eine gleiche Kabine mit 20W Halogenlampen.\n\t\t\t<\/td>\n\t\t\t<td>\n\t\t\t\t&nbsp;\n\t\t\t<\/td>\n\t\t<\/tr>\n\t\t<tr>\n\t\t\t<td colspan=\"5\">\n\t\t\t\t&nbsp;\n\t\t\t<\/td>\n\t\t<\/tr>\n\t\t<tr>\n\t\t\t<td>\n\t\t\t\t&nbsp;\n\t\t\t<\/td>\n\t\t\t<td colspan=\"3\">\n\t\t\t\t<em>Kabinenbeleuchtung CabinLED7 Vandalensicher<\/em>\n\t\t\t<\/td>\n\t\t\t<td>\n\t\t\t\t&nbsp;\n\t\t\t<\/td>\n\t\t<\/tr>\n\t\t<tr>\n\t\t\t<td>\n\t\t\t\t&nbsp;\n\t\t\t<\/td>\n\t\t\t<td>\n\t\t\t\t<img alt=\"Aufzug-Kabinenlicht-CabinLED7_van_200\" border=\"0\" height=\"150\" src=\"wp-content\/uploads\/images\/Aufzug-Kabinenlicht-CabinLED7_van_200.jpg\" width=\"116\" \/>\n\t\t\t<\/td>\n\t\t\t<td colspan=\"2\" valign=\"bottom\">\n\t\t\t\tDie Lampe entspricht der EN81-71: 2005 Sicherheitsregel f&uuml;r Konstruktion und Einbau von Aufz&uuml;gen- Besondere Anwendungen f&uuml;r Personen und Lastenaufz&uuml;ge- Teil 71: Schutzma&szlig;nahmen gegen mutwillige Zerst&ouml;rung. Die technischen Anforderungen gem&auml;&szlig; EN81-71: 2005 5.4.4 Fahrkorbbeleuchtung und die im Anhang B (Sto&szlig;versuch) und Anhang F (Brandpr&uuml;fung) werden vollst&auml;ndig erf&uuml;llt. Die Lampe CabinLED-LED7-vandalensicher entspricht der Vandalen-Schutzkategorie 2 (h&ouml;chste Schutzstufe).\n\t\t\t<\/td>\n\t\t\t<td>\n\t\t\t\t&nbsp;\n\t\t\t<\/td>\n\t\t<\/tr>\n\t\t<tr>\n\t\t\t<td colspan=\"5\">\n\t\t\t\t&nbsp;\n\t\t\t<\/td>\n\t\t<\/tr>\n\t\t<tr>\n\t\t\t<td>\n\t\t\t\t&nbsp;\n\t\t\t<\/td>\n\t\t\t<td colspan=\"3\">\n\t\t\t\t<em>Kabinenbeleuchtung CabinLED3 ESG<\/em>\n\t\t\t<\/td>\n\t\t\t<td>\n\t\t\t\t&nbsp;\n\t\t\t<\/td>\n\t\t<\/tr>\n\t\t<tr>\n\t\t\t<td>\n\t\t\t\t&nbsp;\n\t\t\t<\/td>\n\t\t\t<td>\n\t\t\t\t<img alt=\"Aufzug-Kabinen-licht-Cabin-LED3-\" border=\"0\" height=\"100\" src=\"wp-content\/uploads\/images\/Aufzug-Kabinen-licht-Cabin-LED3-.jpg\" width=\"100\" \/>\n\t\t\t<\/td>\n\t\t\t<td colspan=\"2\" valign=\"bottom\">\n\t\t\t\tBei der Kabinenbeleuchtung CabinLED3-ESG Einbau mit Schutzglas handelt es sich um eine Reihenschaltung von zwei Lampen an einem Stromregler. Eine ungerade Lampenzahl ist mit einem zus&auml;tzlichen Dummy m&ouml;glich. Lampen sind &uuml;ber Pulsweitenmodulation mit optionalen Dimmer CabinLED-Dimmer dimmbar.\n\t\t\t<\/td>\n\t\t\t<td>\n\t\t\t\t&nbsp;\n\t\t\t<\/td>\n\t\t<\/tr>\n\t\t<tr>\n\t\t\t<td colspan=\"5\">\n\t\t\t\t&nbsp;\n\t\t\t<\/td>\n\t\t<\/tr>\n\t\t<tr>\n\t\t\t<td>\n\t\t\t\t&nbsp;\n\t\t\t<\/td>\n\t\t\t<td colspan=\"3\">\n\t\t\t\t<em>Feuerfest sto&szlig;fest sichtseitig IP54<\/em>\n\t\t\t<\/td>\n\t\t\t<td>\n\t\t\t\t&nbsp;\n\t\t\t<\/td>\n\t\t<\/tr>\n\t\t<tr>\n\t\t\t<td>\n\t\t\t\t&nbsp;\n\t\t\t<\/td>\n\t\t\t<td>\n\t\t\t\t<img alt=\"Aufzug-Kabinenlicht-CabinLED3_ESG_feuerfest_300\" border=\"0\" height=\"150\" src=\"wp-content\/uploads\/images\/Aufzug-Kabinenlicht-CabinLED3_ESG_feuerfest_300.jpg\" width=\"112\" \/>\n\t\t\t<\/td>\n\t\t\t<td width=\"7%\">\n\t\t\t\t<img alt=\"Aufzug-Kabinenlicht-LED3_ESG_stossfest_300\" border=\"0\" height=\"150\" src=\"wp-content\/uploads\/images\/Aufzug-Kabinenlicht-LED3_ESG_stossfest_300.jpg\" width=\"104\" \/>\n\t\t\t<\/td>\n\t\t\t<td valign=\"bottom\" width=\"82%\">\n\t\t\t\tDie Kabinenbeleuchtung CabinLed3-ESG Einbau mit Schutzglas ist Feuer- und Sto&szlig;fest\n\t\t\t<\/td>\n\t\t\t<td>\n\t\t\t\t&nbsp;\n\t\t\t<\/td>\n\t\t<\/tr>\n\t\t<tr>\n\t\t\t<td colspan=\"5\">\n\t\t\t\t&nbsp;\n\t\t\t<\/td>\n\t\t<\/tr>\n\t\t<tr>\n\t\t\t<td colspan=\"5\">\n\t\t\t\t&nbsp;\n\t\t\t<\/td>\n\t\t<\/tr>\n\t<\/tbody>\n<\/table>\n\n<table border=\"0\" width=\"100%\">\n\t<tbody>\n\t\t<tr>\n\t\t\t<td bgcolor=\"#FFFFCC\">\n\t\t\t\t&nbsp;\n\t\t\t<\/td>\n\t\t\t<td bgcolor=\"#FFFFCC\" colspan=\"5\">\n\t\t\t\t<em>Lichtfarbe:<\/em>\n\t\t\t<\/td>\n\t\t\t<td bgcolor=\"#FFFFCC\">\n\t\t\t\t&nbsp;\n\t\t\t<\/td>\n\t\t<\/tr>\n\t\t<tr>\n\t\t\t<td bgcolor=\"#FFFFCC\">\n\t\t\t\t&nbsp;\n\t\t\t<\/td>\n\t\t\t<td bgcolor=\"#FFFFCC\">\n\t\t\t\tZwei Lichtfarben sind w&auml;hlbar:\n\t\t\t<\/td>\n\t\t\t<td bgcolor=\"#FFFFCC\">\n\t\t\t\t&nbsp;\n\t\t\t<\/td>\n\t\t\t<td bgcolor=\"#FFFFCC\">\n\t\t\t\t&nbsp;\n\t\t\t<\/td>\n\t\t\t<td bgcolor=\"#FFFFCC\">\n\t\t\t\t&nbsp;\n\t\t\t<\/td>\n\t\t\t<td bgcolor=\"#FFFFCC\">\n\t\t\t\tLampe CabinLED-LED3-Einbau\n\t\t\t<\/td>\n\t\t\t<td bgcolor=\"#FFFFCC\">\n\t\t\t\t&nbsp;\n\t\t\t<\/td>\n\t\t<\/tr>\n\t\t<tr>\n\t\t\t<td bgcolor=\"#FFFFCC\">\n\t\t\t\t&nbsp;\n\t\t\t<\/td>\n\t\t\t<td bgcolor=\"#FFFFCC\">\n\t\t\t\t<img height=\"150\" src=\"wp-content\/uploads\/images\/aufzug-kabinenlicht-weiss.jpg\" width=\"226\" \/>\n\t\t\t<\/td>\n\t\t\t<td bgcolor=\"#FFFFCC\">\n\t\t\t\t&nbsp;\n\t\t\t<\/td>\n\t\t\t<td bgcolor=\"#FFFFCC\">\n\t\t\t\t<img height=\"150\" src=\"wp-content\/uploads\/images\/aufzug-kabinenlicht-natural-weiss.jpg\" width=\"226\" \/>\n\t\t\t<\/td>\n\t\t\t<td bgcolor=\"#FFFFCC\">\n\t\t\t\t&nbsp;\n\t\t\t<\/td>\n\t\t\t<td bgcolor=\"#FFFFCC\">\n\t\t\t\t<img height=\"150\" src=\"wp-content\/uploads\/images\/aufzug-kabinenlicht-3x1.jpg\" width=\"226\" \/>\n\t\t\t<\/td>\n\t\t\t<td bgcolor=\"#FFFFCC\">\n\t\t\t\t&nbsp;\n\t\t\t<\/td>\n\t\t<\/tr>\n\t\t<tr>\n\t\t\t<td bgcolor=\"#FFFFCC\">\n\t\t\t\t&nbsp;\n\t\t\t<\/td>\n\t\t\t<td bgcolor=\"#FFFFCC\">\n\t\t\t\tLichtfarbe: wei&szlig; (5600K-6500K)<br \/>\n\t\t\t\tDie Kabine ist hellwei&szlig; ausgeleuchtet (nicht bl&auml;ulich)\n\t\t\t<\/td>\n\t\t\t<td bgcolor=\"#FFFFCC\">\n\t\t\t\t&nbsp;\n\t\t\t<\/td>\n\t\t\t<td bgcolor=\"#FFFFCC\">\n\t\t\t\tLichtfarbe: natural-wei&szlig; (3700-4200K)<br \/>\n\t\t\t\tDie Kabine ist natural-wei&szlig; ausgeleuchtet\n\t\t\t<\/td>\n\t\t\t<td bgcolor=\"#FFFFCC\">\n\t\t\t\t&nbsp;\n\t\t\t<\/td>\n\t\t\t<td bgcolor=\"#FFFFCC\">\n\t\t\t\tLeistung pro Lampe: 3x1W<br \/>\n\t\t\t\tLichtstrom u. Helligkeit: 300lm bei Lichtfarbe wei&szlig; (w)<br \/>\n\t\t\t\t228lm bei Lichtfarbe natural-wei&szlig; (nw)\n\t\t\t<\/td>\n\t\t\t<td bgcolor=\"#FFFFCC\">\n\t\t\t\t&nbsp;\n\t\t\t<\/td>\n\t\t<\/tr>\n\t<\/tbody>\n<\/table>\n","_et_gb_content_width":"","_uag_custom_page_level_css":"","footnotes":""},"class_list":["post-781","page","type-page","status-publish","hentry"],"uagb_featured_image_src":{"full":false,"thumbnail":false,"medium":false,"medium_large":false,"large":false,"1536x1536":false,"2048x2048":false,"et-pb-post-main-image":false,"et-pb-post-main-image-fullwidth":false,"et-pb-portfolio-image":false,"et-pb-portfolio-module-image":false,"et-pb-portfolio-image-single":false,"et-pb-gallery-module-image-portrait":false,"et-pb-post-main-image-fullwidth-large":false,"et-pb-image--responsive--desktop":false,"et-pb-image--responsive--tablet":false,"et-pb-image--responsive--phone":false},"uagb_author_info":{"display_name":"admin","author_link":"https:\/\/www.leltec.com\/?author=2"},"uagb_comment_info":0,"uagb_excerpt":"Die Energiekosten eines Aufzuges sind in fr\u00fcheren Jahren haupts\u00e4chlich f\u00fcr die Beleuchtung enstanden, dieses hat sich in den letzten Jahren ge\u00e4ndert! Energiekosten f\u00fcr die Aufzugkabinenbeleuchtung: Sie zahlen auch zuviel? Hier ein Beispiel: Eine herk\u00f6mmliche Kabinenbeleuchtung: 2 x 58 Watt Leuchtstofflampen. Verbrauch am Tag: 2 x 58 x 24 Std. = 2784 Watt =2,784KW. Das sind&hellip;","_links":{"self":[{"href":"https:\/\/www.leltec.com\/index.php?rest_route=\/wp\/v2\/pages\/781","targetHints":{"allow":["GET"]}}],"collection":[{"href":"https:\/\/www.leltec.com\/index.php?rest_route=\/wp\/v2\/pages"}],"about":[{"href":"https:\/\/www.leltec.com\/index.php?rest_route=\/wp\/v2\/types\/page"}],"author":[{"embeddable":true,"href":"https:\/\/www.leltec.com\/index.php?rest_route=\/wp\/v2\/users\/2"}],"replies":[{"embeddable":true,"href":"https:\/\/www.leltec.com\/index.php?rest_route=%2Fwp%2Fv2%2Fcomments&post=781"}],"version-history":[{"count":3,"href":"https:\/\/www.leltec.com\/index.php?rest_route=\/wp\/v2\/pages\/781\/revisions"}],"predecessor-version":[{"id":25160,"href":"https:\/\/www.leltec.com\/index.php?rest_route=\/wp\/v2\/pages\/781\/revisions\/25160"}],"wp:attachment":[{"href":"https:\/\/www.leltec.com\/index.php?rest_route=%2Fwp%2Fv2%2Fmedia&parent=781"}],"curies":[{"name":"wp","href":"https:\/\/api.w.org\/{rel}","templated":true}]}}